{"id":157,"date":"2024-03-07T13:24:17","date_gmt":"2024-03-07T13:24:17","guid":{"rendered":"http:\/\/www.ittehuacan.edu.mx\/posgrado\/?page_id=157"},"modified":"2024-04-12T20:30:38","modified_gmt":"2024-04-12T20:30:38","slug":"contactanos","status":"publish","type":"page","link":"http:\/\/www.ittehuacan.edu.mx\/posgrado\/?page_id=157","title":{"rendered":"Contactanos"},"content":{"rendered":"\n<h2 class=\"wp-block-heading has-text-align-center has-text-color has-link-color wp-elements-6df6510b018aaf1c1c0fbaa1da9d56b7\" style=\"color:#600505\">Ubicaci\u00f3n<\/h2>\n\n\n\n<div class=\"wp-block-columns is-layout-flex wp-container-core-columns-is-layout-9d6595d7 wp-block-columns-is-layout-flex\">\n<div class=\"wp-block-column is-layout-flow wp-block-column-is-layout-flow\"><div class=\"wp-block-image\">\n<figure class=\"aligncenter size-medium is-resized\"><img loading=\"lazy\" decoding=\"async\" width=\"300\" height=\"300\" src=\"http:\/\/www.ittehuacan.edu.mx\/posgrado\/wp-content\/uploads\/2024\/03\/ubicacion-300x300.png\" alt=\"\" class=\"wp-image-99\" style=\"width:176px\" srcset=\"http:\/\/www.ittehuacan.edu.mx\/posgrado\/wp-content\/uploads\/2024\/03\/ubicacion-300x300.png 300w, http:\/\/www.ittehuacan.edu.mx\/posgrado\/wp-content\/uploads\/2024\/03\/ubicacion-150x150.png 150w, http:\/\/www.ittehuacan.edu.mx\/posgrado\/wp-content\/uploads\/2024\/03\/ubicacion-70x70.png 70w, http:\/\/www.ittehuacan.edu.mx\/posgrado\/wp-content\/uploads\/2024\/03\/ubicacion-246x246.png 246w, http:\/\/www.ittehuacan.edu.mx\/posgrado\/wp-content\/uploads\/2024\/03\/ubicacion-276x276.png 276w, http:\/\/www.ittehuacan.edu.mx\/posgrado\/wp-content\/uploads\/2024\/03\/ubicacion-125x125.png 125w, http:\/\/www.ittehuacan.edu.mx\/posgrado\/wp-content\/uploads\/2024\/03\/ubicacion.png 640w\" sizes=\"auto, (max-width: 300px) 100vw, 300px\" \/><\/figure>\n<\/div><\/div>\n\n\n\n<div class=\"wp-block-column is-layout-flow wp-block-column-is-layout-flow\">\n<p><\/p>\n\n\n\n<p class=\"has-black-color has-text-color has-link-color wp-elements-ea55b093206d5dfc76ef604905b452e7\">Libramiento Tecnol\u00f3gico S\/N, A.P. 247,<\/p>\n\n\n\n<p class=\"has-black-color has-text-color has-link-color wp-elements-a0b87ede9b10465d6882ed1e2883d8c3\">Santa Mar\u00eda Coapan, 75770 Tehuac\u00e1n, Puebla<\/p>\n<\/div>\n<\/div>\n\n\n\n<h2 class=\"wp-block-heading has-text-align-center has-text-color has-link-color wp-elements-866077f9bc444444ed981d23bfccfd48\" style=\"color:#600505\">Edificio<\/h2>\n\n\n\n<div class=\"wp-block-columns is-layout-flex wp-container-core-columns-is-layout-9d6595d7 wp-block-columns-is-layout-flex\">\n<div class=\"wp-block-column is-layout-flow wp-block-column-is-layout-flow\"><div class=\"wp-block-image\">\n<figure class=\"aligncenter size-medium is-resized\"><img loading=\"lazy\" decoding=\"async\" width=\"300\" height=\"300\" src=\"http:\/\/www.ittehuacan.edu.mx\/posgrado\/wp-content\/uploads\/2024\/03\/edificio-300x300.jpg\" alt=\"\" class=\"wp-image-103\" style=\"width:176px\" srcset=\"http:\/\/www.ittehuacan.edu.mx\/posgrado\/wp-content\/uploads\/2024\/03\/edificio-300x300.jpg 300w, http:\/\/www.ittehuacan.edu.mx\/posgrado\/wp-content\/uploads\/2024\/03\/edificio-1024x1024.jpg 1024w, http:\/\/www.ittehuacan.edu.mx\/posgrado\/wp-content\/uploads\/2024\/03\/edificio-150x150.jpg 150w, http:\/\/www.ittehuacan.edu.mx\/posgrado\/wp-content\/uploads\/2024\/03\/edificio-768x768.jpg 768w, http:\/\/www.ittehuacan.edu.mx\/posgrado\/wp-content\/uploads\/2024\/03\/edificio-70x70.jpg 70w, http:\/\/www.ittehuacan.edu.mx\/posgrado\/wp-content\/uploads\/2024\/03\/edificio-246x246.jpg 246w, http:\/\/www.ittehuacan.edu.mx\/posgrado\/wp-content\/uploads\/2024\/03\/edificio-276x276.jpg 276w, http:\/\/www.ittehuacan.edu.mx\/posgrado\/wp-content\/uploads\/2024\/03\/edificio-125x125.jpg 125w, http:\/\/www.ittehuacan.edu.mx\/posgrado\/wp-content\/uploads\/2024\/03\/edificio.jpg 1300w\" sizes=\"auto, (max-width: 300px) 100vw, 300px\" \/><\/figure>\n<\/div><\/div>\n\n\n\n<div class=\"wp-block-column is-layout-flow wp-block-column-is-layout-flow\">\n<p class=\"has-black-color has-text-color has-link-color wp-elements-3a3ff06a25f9e3aff804c926001a9dca\">Divisi\u00f3n de Estudios de Posgrado e Investigaci\u00f3n<\/p>\n\n\n\n<p class=\"has-black-color has-text-color has-link-color wp-elements-953a884ce3b84a40335540876b843248\">Coordinaciones Acad\u00e9micas de los Programas de Maestr\u00eda<\/p>\n\n\n\n<p class=\"has-black-color has-text-color has-link-color wp-elements-88d8f74c3595a6c260c5f39d60f1a16b\"><strong>EDIFICIO 37<\/strong>&nbsp;Planta Alta<\/p>\n<\/div>\n<\/div>\n\n\n\n<h2 class=\"wp-block-heading has-text-align-center has-text-color has-link-color wp-elements-d2597386f52203b3835ea51f8d8344b3\" style=\"color:#600505\">Correo<\/h2>\n\n\n\n<div class=\"wp-block-columns is-layout-flex wp-container-core-columns-is-layout-9d6595d7 wp-block-columns-is-layout-flex\">\n<div class=\"wp-block-column is-layout-flow wp-block-column-is-layout-flow\"><div class=\"wp-block-image\">\n<figure class=\"aligncenter size-medium is-resized\"><img loading=\"lazy\" decoding=\"async\" width=\"300\" height=\"300\" src=\"http:\/\/www.ittehuacan.edu.mx\/posgrado\/wp-content\/uploads\/2024\/03\/email-300x300.webp\" alt=\"\" class=\"wp-image-111\" style=\"width:176px\" srcset=\"http:\/\/www.ittehuacan.edu.mx\/posgrado\/wp-content\/uploads\/2024\/03\/email-300x300.webp 300w, http:\/\/www.ittehuacan.edu.mx\/posgrado\/wp-content\/uploads\/2024\/03\/email-150x150.webp 150w, http:\/\/www.ittehuacan.edu.mx\/posgrado\/wp-content\/uploads\/2024\/03\/email-70x70.webp 70w, http:\/\/www.ittehuacan.edu.mx\/posgrado\/wp-content\/uploads\/2024\/03\/email-246x246.webp 246w, http:\/\/www.ittehuacan.edu.mx\/posgrado\/wp-content\/uploads\/2024\/03\/email-276x276.webp 276w, http:\/\/www.ittehuacan.edu.mx\/posgrado\/wp-content\/uploads\/2024\/03\/email-125x125.webp 125w, http:\/\/www.ittehuacan.edu.mx\/posgrado\/wp-content\/uploads\/2024\/03\/email.webp 600w\" sizes=\"auto, (max-width: 300px) 100vw, 300px\" \/><\/figure>\n<\/div><\/div>\n\n\n\n<div class=\"wp-block-column is-layout-flow wp-block-column-is-layout-flow\">\n<p><\/p>\n\n\n\n<p class=\"has-black-color has-text-color has-link-color wp-elements-7b413f4a2969be3ac6a441d207df171f\">Correo electr\u00f3nico: posgrado<strong>@<\/strong>ittehuacan.edu.mx<\/p>\n<\/div>\n<\/div>\n\n\n\n<h2 class=\"wp-block-heading has-text-align-center has-text-color has-link-color wp-elements-9edb10c985ebe9931f2fd3ef29916fb4\" style=\"color:#600505\">Tel\u00e9fono<\/h2>\n\n\n\n<div class=\"wp-block-columns is-layout-flex wp-container-core-columns-is-layout-9d6595d7 wp-block-columns-is-layout-flex\">\n<div class=\"wp-block-column is-layout-flow wp-block-column-is-layout-flow\"><div class=\"wp-block-image\">\n<figure class=\"aligncenter size-medium is-resized\"><img loading=\"lazy\" decoding=\"async\" width=\"300\" height=\"300\" src=\"http:\/\/www.ittehuacan.edu.mx\/posgrado\/wp-content\/uploads\/2024\/03\/telefono-300x300.png\" alt=\"\" class=\"wp-image-112\" style=\"width:176px\" srcset=\"http:\/\/www.ittehuacan.edu.mx\/posgrado\/wp-content\/uploads\/2024\/03\/telefono-300x300.png 300w, http:\/\/www.ittehuacan.edu.mx\/posgrado\/wp-content\/uploads\/2024\/03\/telefono-150x150.png 150w, http:\/\/www.ittehuacan.edu.mx\/posgrado\/wp-content\/uploads\/2024\/03\/telefono-70x70.png 70w, http:\/\/www.ittehuacan.edu.mx\/posgrado\/wp-content\/uploads\/2024\/03\/telefono-246x246.png 246w, http:\/\/www.ittehuacan.edu.mx\/posgrado\/wp-content\/uploads\/2024\/03\/telefono-276x276.png 276w, http:\/\/www.ittehuacan.edu.mx\/posgrado\/wp-content\/uploads\/2024\/03\/telefono-125x125.png 125w, http:\/\/www.ittehuacan.edu.mx\/posgrado\/wp-content\/uploads\/2024\/03\/telefono.png 360w\" sizes=\"auto, (max-width: 300px) 100vw, 300px\" \/><\/figure>\n<\/div><\/div>\n\n\n\n<div class=\"wp-block-column is-layout-flow wp-block-column-is-layout-flow\">\n<p class=\"has-black-color has-text-color has-link-color wp-elements-eae7f46c3d0a59e00907e4d6d2b5651e\">Conmutador: (238) 3803370<\/p>\n\n\n\n<p class=\"has-black-color has-text-color has-link-color wp-elements-d724c2f2298b9058ddd23e25d3cba3bc\">Ext. 376<\/p>\n\n\n\n<p class=\"has-black-color has-text-color has-link-color wp-elements-52483499451fb7fefaf0788ac16c35b9\">Directo: (238) 3803376<\/p>\n<\/div>\n<\/div>\n\n\n\n<h2 class=\"wp-block-heading has-text-align-center has-text-color has-link-color wp-elements-792d594693722ee92fc31c2d5a2a4edb\" style=\"color:#600505\">Directorio Planta Docente<\/h2>\n\n\n\n<figure class=\"wp-block-table aligncenter is-style-stripes\"><table class=\"has-black-color has-cyan-bluish-gray-background-color has-text-color has-background has-link-color has-fixed-layout\"><tbody><tr><td><strong>M.C. Juan Carlos V\u00e1squez Jim\u00e9nez&nbsp;<\/strong>&nbsp;&nbsp; &nbsp; &nbsp;&nbsp;<\/td><td>jvazquezj<strong>@<\/strong>hotmail.com.mx&nbsp;<\/td><\/tr><tr><td><strong>Dra. Miriam Silvia L\u00f3pez Vigil<\/strong>&nbsp;<\/td><td>misilovi<strong>@<\/strong>hotmail.com.mx&nbsp;<\/td><\/tr><tr><td><strong>M.I.I. H\u00e9ctor Santos Alvarado<\/strong>&nbsp;<\/td><td>hsalvarado<strong>@<\/strong>hotmail.com.mx&nbsp;<\/td><\/tr><tr><td><strong>Dr. Javier Mart\u00edn Garc\u00eda Mej\u00eda<\/strong>&nbsp;<\/td><td>posgrados10<strong>@<\/strong>hotmail.com.mx&nbsp;<\/td><\/tr><tr><td><strong>Dr. Sotero Alejandro Gil Zepeda<\/strong>&nbsp;<\/td><td>agil_55<strong>@<\/strong>yahoo.com.mx&nbsp;<\/td><\/tr><tr><td><strong>M.I.E. Bertha Leticia Franco Salazar<\/strong><\/td><td>francosl<strong>@<\/strong>hotmail.com&nbsp;<\/td><\/tr><tr><td><strong>M.C. Iv\u00e1n Ar\u00e1oz Baltazar<\/strong>&nbsp;<\/td><td>araoz25<strong>@<\/strong>hotmail.com.mx&nbsp;<\/td><\/tr><tr><td><strong>M.C. Elsa Hern\u00e1ndez Cort\u00e9z<\/strong>&nbsp;<\/td><td>ehc2001<strong>@<\/strong>hotmail.com.mx&nbsp;<\/td><\/tr><tr><td><strong>M.F. Rogelio Rojas Ramos<\/strong>&nbsp;<\/td><td>rjrmrg<strong>@<\/strong>gmail.com.mx<\/td><\/tr><\/tbody><\/table><\/figure>\n","protected":false},"excerpt":{"rendered":"<p>Ubicaci\u00f3n Libramiento Tecnol\u00f3gico S\/N, A.P. 247, Santa Mar\u00eda Coapan, 75770 Tehuac\u00e1n, Puebla Edificio Divisi\u00f3n de Estudios de Posgrado e Investigaci\u00f3n &hellip; <\/p>\n","protected":false},"author":1,"featured_media":0,"parent":0,"menu_order":0,"comment_status":"closed","ping_status":"closed","template":"","meta":{"footnotes":""},"class_list":["post-157","page","type-page","status-publish","hentry"],"_links":{"self":[{"href":"http:\/\/www.ittehuacan.edu.mx\/posgrado\/index.php?rest_route=\/wp\/v2\/pages\/157","targetHints":{"allow":["GET"]}}],"collection":[{"href":"http:\/\/www.ittehuacan.edu.mx\/posgrado\/index.php?rest_route=\/wp\/v2\/pages"}],"about":[{"href":"http:\/\/www.ittehuacan.edu.mx\/posgrado\/index.php?rest_route=\/wp\/v2\/types\/page"}],"author":[{"embeddable":true,"href":"http:\/\/www.ittehuacan.edu.mx\/posgrado\/index.php?rest_route=\/wp\/v2\/users\/1"}],"replies":[{"embeddable":true,"href":"http:\/\/www.ittehuacan.edu.mx\/posgrado\/index.php?rest_route=%2Fwp%2Fv2%2Fcomments&post=157"}],"version-history":[{"count":15,"href":"http:\/\/www.ittehuacan.edu.mx\/posgrado\/index.php?rest_route=\/wp\/v2\/pages\/157\/revisions"}],"predecessor-version":[{"id":821,"href":"http:\/\/www.ittehuacan.edu.mx\/posgrado\/index.php?rest_route=\/wp\/v2\/pages\/157\/revisions\/821"}],"wp:attachment":[{"href":"http:\/\/www.ittehuacan.edu.mx\/posgrado\/index.php?rest_route=%2Fwp%2Fv2%2Fmedia&parent=157"}],"curies":[{"name":"wp","href":"https:\/\/api.w.org\/{rel}","templated":true}]}}