{"id":25,"date":"2024-03-05T20:17:06","date_gmt":"2024-03-05T20:17:06","guid":{"rendered":"http:\/\/www.ittehuacan.edu.mx\/posgrado\/?page_id=25"},"modified":"2024-03-08T15:40:44","modified_gmt":"2024-03-08T15:40:44","slug":"nosotros","status":"publish","type":"page","link":"http:\/\/www.ittehuacan.edu.mx\/posgrado\/?page_id=25","title":{"rendered":"Nosotros"},"content":{"rendered":"\n<h2 class=\"wp-block-heading has-text-align-center has-text-color has-link-color wp-elements-78fad2a7b67df63d1bfd475ea0428ae4\" style=\"color:#600505\"><font style=\"vertical-align: inherit;\"><font style=\"vertical-align: inherit;\">Objetivo <\/font><\/font>G<font style=\"vertical-align: inherit;\"><font style=\"vertical-align: inherit;\">eneral<\/font><\/font><\/h2>\n\n\n\n<p class=\"justificar has-black-color has-text-color has-link-color has-medium-font-size wp-elements-e486caf0f385f9834bc8e96333b82b85\">La finalidad de los estudios de posgrado es contribuir a la formaci\u00f3n de un profesional en una disciplina o \u00e1rea de conocimiento para que sea capaz de adaptar, innovar, generar, emprender proyectos de investigaci\u00f3n y desarrollo cient\u00edfico o de innovaci\u00f3n tecnol\u00f3gica, as\u00ed como para aplicar e innovar el conocimiento cient\u00edfico y t\u00e9cnico, y resolver problemas en su campo de acci\u00f3n o espacio ocupacional, de acuerdo a las demandas regionales, nacionales e internacionales de distintos sectores de la sociedad.<\/p>\n\n\n\n<h2 class=\"wp-block-heading has-text-align-center has-text-color has-link-color wp-elements-48a157da91e59861d2fcec839961b75b\" style=\"color:#600505\">Misi\u00f3n<\/h2>\n\n\n\n<p class=\"justificar has-black-color has-text-color has-link-color has-medium-font-size wp-elements-59477b10ee38ffc168c73623461c0830\">Formar profesionales a nivel de&nbsp; <strong>Maestr\u00eda<\/strong> , agentes de cambio con trascendencia social, impartiendo educaci\u00f3n p\u00fablica de excelencia, sustentada en experiencia acad\u00e9mica, liderazgo y valores, contando con infraestructura pertinente y apoyados en la fortaleza del&nbsp; <strong>Tecnol\u00f3gico Nacional de M\u00e9xico<\/strong> ; potenciando a los maestrantes al \u00e9xito a trav\u00e9s del desarrollo de las organizaciones y dando prestigio a nuestra Instituci\u00f3n<font style=\"vertical-align: inherit;\"><font style=\"vertical-align: inherit;\">.<\/font><\/font><\/p>\n\n\n\n<h2 class=\"wp-block-heading has-text-align-center has-text-color has-link-color wp-elements-c2c034b949aeac731b5b6fc82d2c02bf\" style=\"color:#600505\">Visi\u00f3n<\/h2>\n\n\n\n<p class=\"justificar has-black-color has-text-color has-link-color wp-elements-fd61389661de80cf94f59130a7920398\">Ser la mejor opci\u00f3n de estudios de posgrado en la regi\u00f3n, consolidando los programas de maestr\u00eda a trav\u00e9s del establecimiento de estrategias acad\u00e9micas y de vinculaci\u00f3n, as\u00ed como del reconocimiento del&nbsp;<strong>CONACYT<\/strong>&nbsp;por medio del&nbsp;<strong>PNPC<\/strong>, que nos permitan la excelencia acad\u00e9mica para la soluci\u00f3n de la problem\u00e1tica del sector productivo y de servicios de nuestro entorno.<\/p>\n\n\n\n<h2 class=\"wp-block-heading has-text-align-center has-text-color has-link-color wp-elements-ea4e401ba603459349fc0d5e1e18171a\" style=\"color:#600505\">Breve Rese\u00f1a<\/h2>\n\n\n\n<p class=\"justificar has-black-color has-text-color has-link-color wp-elements-a47add5535e1959356bee4f26d5b06b0\">En el a\u00f1o 1995 se ofert\u00f3 a egresados de Ingenier\u00eda Industrial la&nbsp;<strong>Maestr\u00eda en Planificaci\u00f3n de Empresas y Desarrollo Regional<\/strong>, conjuntamente con el Instituto Tecnol\u00f3gico de Oaxaca.<\/p>\n\n\n\n<p class=\"justificar has-black-color has-text-color has-link-color wp-elements-9d0255f2e3c3edbb39fe8494515a927f\">En ese mismo a\u00f1o, para egresados de Ingeniera Civil se ofreci\u00f3 la&nbsp;<strong>Maestr\u00eda en Administraci\u00f3n de la Construcci\u00f3n&nbsp;<\/strong>en colaboraci\u00f3n con el Instituto Tecnol\u00f3gico de la Construcci\u00f3n de la Ciudad de M\u00e9xico, D.F.<\/p>\n\n\n\n<p class=\"justificar has-black-color has-text-color has-link-color wp-elements-3d78476ae13fba07a0e51ae0a3ddee5e\">A partir del a\u00f1o 2005 se ofrece a los profesionistas de la regi\u00f3n, los programas de:<\/p>\n\n\n\n<p class=\"has-black-color has-text-color has-link-color wp-elements-69f3e8871b7e49f00095a9c02fedc255\">&nbsp; &nbsp;<strong>*<\/strong>Maestr\u00eda en Ingenier\u00eda Industrial<\/p>\n\n\n\n<p class=\"has-black-color has-text-color has-link-color wp-elements-1015637fd1886ef0d600d1e66b6e53e1\">&nbsp; &nbsp;<strong><font style=\"vertical-align: inherit;\"><font style=\"vertical-align: inherit;\">*<\/font><\/font><\/strong><font style=\"vertical-align: inherit;\"><font style=\"vertical-align: inherit;\"> Maestr\u00eda en Administraci\u00f3n<\/font><\/font><\/p>\n","protected":false},"excerpt":{"rendered":"<p>Objetivo General La finalidad de los estudios de posgrado es contribuir a la formaci\u00f3n de un profesional en una disciplina &hellip; <\/p>\n","protected":false},"author":1,"featured_media":0,"parent":0,"menu_order":0,"comment_status":"closed","ping_status":"closed","template":"","meta":{"footnotes":""},"class_list":["post-25","page","type-page","status-publish","hentry"],"_links":{"self":[{"href":"http:\/\/www.ittehuacan.edu.mx\/posgrado\/index.php?rest_route=\/wp\/v2\/pages\/25","targetHints":{"allow":["GET"]}}],"collection":[{"href":"http:\/\/www.ittehuacan.edu.mx\/posgrado\/index.php?rest_route=\/wp\/v2\/pages"}],"about":[{"href":"http:\/\/www.ittehuacan.edu.mx\/posgrado\/index.php?rest_route=\/wp\/v2\/types\/page"}],"author":[{"embeddable":true,"href":"http:\/\/www.ittehuacan.edu.mx\/posgrado\/index.php?rest_route=\/wp\/v2\/users\/1"}],"replies":[{"embeddable":true,"href":"http:\/\/www.ittehuacan.edu.mx\/posgrado\/index.php?rest_route=%2Fwp%2Fv2%2Fcomments&post=25"}],"version-history":[{"count":8,"href":"http:\/\/www.ittehuacan.edu.mx\/posgrado\/index.php?rest_route=\/wp\/v2\/pages\/25\/revisions"}],"predecessor-version":[{"id":449,"href":"http:\/\/www.ittehuacan.edu.mx\/posgrado\/index.php?rest_route=\/wp\/v2\/pages\/25\/revisions\/449"}],"wp:attachment":[{"href":"http:\/\/www.ittehuacan.edu.mx\/posgrado\/index.php?rest_route=%2Fwp%2Fv2%2Fmedia&parent=25"}],"curies":[{"name":"wp","href":"https:\/\/api.w.org\/{rel}","templated":true}]}}