{"id":31,"date":"2024-03-05T20:36:46","date_gmt":"2024-03-05T20:36:46","guid":{"rendered":"http:\/\/www.ittehuacan.edu.mx\/posgrado\/?page_id=31"},"modified":"2024-03-11T15:27:53","modified_gmt":"2024-03-11T15:27:53","slug":"maestria-en-administracion","status":"publish","type":"page","link":"http:\/\/www.ittehuacan.edu.mx\/posgrado\/?page_id=31","title":{"rendered":"Maestr\u00eda en Administraci\u00f3n"},"content":{"rendered":"\n<h3 class=\"wp-block-heading\">Clave: MPADM-2011-26<\/h3>\n\n\n\n<h2 class=\"wp-block-heading has-text-align-center has-text-color has-link-color wp-elements-e07cdb5936ebeca1b980c6738801427f\" style=\"color:#600505\">Objetivo General<\/h2>\n\n\n\n<p class=\"justificar has-black-color has-text-color has-link-color wp-elements-e8337219f36d4d4808dac4dddb51d49d\">Formar profesionistas competentes e innovadores en la gesti\u00f3n de empresas, con capacidad de aplicar las herramientas administrativas, orientadas a desarrollar alternativas estrat\u00e9gicas de diversificaci\u00f3n empresarial, con \u00e9tica y responsabilidad social.<\/p>\n\n\n\n<div style=\"height:20px\" aria-hidden=\"true\" class=\"wp-block-spacer\"><\/div>\n\n\n\n<h2 class=\"wp-block-heading has-text-align-center has-text-color has-link-color wp-elements-435fe845764c7ee6c84190e1b97e579d\" style=\"color:#600505\">Objetivos Espec\u00edficos<\/h2>\n\n\n\n<ul class=\"has-black-color has-text-color has-link-color wp-block-list wp-elements-222a47413dccf23e438e7a298b5eb7cb\">\n<li>Aplicar las teor\u00edas administrativas y pol\u00edticas econ\u00f3micas pertinentes, que se requieren en las organizaciones para evaluar el funcionamiento de la empresa como sistema y su relaci\u00f3n con el medio ambiente.<\/li>\n\n\n\n<li>Dise\u00f1ar y aplicar estrategias organizacionales para sustentar la toma de decisiones empresariales, dentro de un marco competitivo sustentable.<\/li>\n\n\n\n<li>Crear y desarrollar nuevos proyectos que contribuyan a transformar las empresas, en organizaciones de clase mundial con responsabilidad social.<\/li>\n\n\n\n<li>Potenciar el capital intelectual como estrategia de desarrollo organizacional a trav\u00e9s de la optimizaci\u00f3n de los recursos tangibles e intangibles de las empresas.<\/li>\n\n\n\n<li>Desarrollar las competencias de direcci\u00f3n y gerencia de los recursos humanos que les permita identificar oportunidades, riesgos y amenazas existentes para alcanzar la internacionalizaci\u00f3n de los negocios.<\/li>\n<\/ul>\n\n\n\n<div style=\"height:20px\" aria-hidden=\"true\" class=\"wp-block-spacer\"><\/div>\n\n\n\n<h2 class=\"wp-block-heading has-text-align-center has-text-color has-link-color wp-elements-1346cd330c01d2912cb16674502bb0ba\" style=\"color:#600505\">Perfil de Ingreso<\/h2>\n\n\n\n<p class=\"justificar has-black-color has-text-color has-link-color wp-elements-6132ed6662de94897ed89b703ad46bd6\">El perfil espec\u00edfico que orientar\u00e1 los esfuerzos del alumno a su proceso de aprendizaje que decida cursar esta maestr\u00eda est\u00e1 integrado por:<\/p>\n\n\n\n<ul class=\"has-black-color has-text-color has-link-color wp-block-list wp-elements-ba32a2c68035d874810f6ef62705703c\">\n<li><mark style=\"background-color:rgba(0, 0, 0, 0)\" class=\"has-inline-color has-black-color\">Tener estudios de nivel licenciatura en \u00e1reas afines a las ciencias sociales, ciencias econ\u00f3mico-administrativas, ciencias f\u00edsico-matem\u00e1ticas o ciencias de la ingenier\u00eda.<\/mark><\/li>\n\n\n\n<li><mark style=\"background-color:rgba(0, 0, 0, 0)\" class=\"has-inline-color has-black-color\">Tener preferentemente experiencia laboral en aspectos relacionados con la administraci\u00f3n de las empresas.<\/mark><\/li>\n\n\n\n<li><mark style=\"background-color:rgba(0, 0, 0, 0)\" class=\"has-inline-color has-black-color\">Poseer habilidades b\u00e1sicas de comunicaci\u00f3n oral y escrita.<\/mark><\/li>\n\n\n\n<li><mark style=\"background-color:rgba(0, 0, 0, 0)\" class=\"has-inline-color has-black-color\">Capacidad de organizaci\u00f3n y planificaci\u00f3n<\/mark><\/li>\n\n\n\n<li><mark style=\"background-color:rgba(0, 0, 0, 0)\" class=\"has-inline-color has-black-color\">Resoluci\u00f3n de problemas<\/mark><\/li>\n\n\n\n<li><mark style=\"background-color:rgba(0, 0, 0, 0)\" class=\"has-inline-color has-black-color\">Razonamiento cr\u00edtico<\/mark><\/li>\n\n\n\n<li><mark style=\"background-color:rgba(0, 0, 0, 0)\" class=\"has-inline-color has-black-color\">Trabajo colaborativo<\/mark><\/li>\n\n\n\n<li><mark style=\"background-color:rgba(0, 0, 0, 0)\" class=\"has-inline-color has-black-color\">Capacidad creativa<\/mark><\/li>\n\n\n\n<li><mark style=\"background-color:rgba(0, 0, 0, 0)\" class=\"has-inline-color has-black-color\">Liderazgo<\/mark><\/li>\n\n\n\n<li><mark style=\"background-color:rgba(0, 0, 0, 0)\" class=\"has-inline-color has-black-color\">Necesidad de logro y \u00e9xito<\/mark><\/li>\n\n\n\n<li>Compromiso \u00e9tico<\/li>\n<\/ul>\n\n\n\n<div style=\"height:20px\" aria-hidden=\"true\" class=\"wp-block-spacer\"><\/div>\n\n\n\n<h2 class=\"wp-block-heading has-text-align-center has-text-color has-link-color wp-elements-0c229a29717e78a11093ed4374af9bd7\" style=\"color:#600505\">Perfil de Egreso<\/h2>\n\n\n\n<p class=\"justificar has-black-color has-text-color has-link-color wp-elements-97a38e0ab1deb434bfa9741c11ed5f71\">El egresado de la Maestr\u00eda en Administraci\u00f3n contar\u00e1n con una formaci\u00f3n integral, con conocimiento te\u00f3rico-pr\u00e1cticos en administraci\u00f3n, capaz de:<\/p>\n\n\n\n<ul class=\"has-black-color has-text-color has-link-color wp-block-list wp-elements-cffc414edf993d8a9f2484928c2a88b6\">\n<li>Planear, organizar, dirigir y controlar operaciones en cualquier organizaci\u00f3n<\/li>\n\n\n\n<li>Realizar planeaci\u00f3n estrat\u00e9gica en empresas<\/li>\n\n\n\n<li>Formular, evaluar y analizar proyectos industriales<\/li>\n\n\n\n<li>Organizar, planear, aplicar y controlar t\u00e9cnicas operativas econ\u00f3micas y financieras relacionadas con las empresas<\/li>\n\n\n\n<li>Organizar y administrar un sistema b\u00e1sico de materiales, sistema de compra y el tr\u00e1nsito de los materiales<\/li>\n\n\n\n<li>Realizar diagn\u00f3stico de empresas<\/li>\n\n\n\n<li>Administrar y controlar programas y normas de la calidad<\/li>\n\n\n\n<li>Participar en el mejoramiento de las relaciones laborales y en la soluci\u00f3n de conflictos en las organizaciones<\/li>\n\n\n\n<li>Desarrollar los recursos humanos<\/li>\n\n\n\n<li>Desarrollar y mejorar las habilidades administrativas<\/li>\n\n\n\n<li>Analizar, dise\u00f1ar e implementar nuevos sistemas administrativos<\/li>\n\n\n\n<li>Administrar sistemas de informaci\u00f3n<\/li>\n\n\n\n<li>Planear y desarrollar nuevos productos dentro de un \u00e1mbito de competencia internacional<\/li>\n<\/ul>\n\n\n\n<div style=\"height:20px\" aria-hidden=\"true\" class=\"wp-block-spacer\"><\/div>\n\n\n\n<h2 class=\"wp-block-heading has-text-align-center has-text-color has-link-color wp-elements-d45496a58faf0d26dee468f296aea283\" style=\"color:#600505\">L\u00ednea de Generaci\u00f3n y Aplicaci\u00f3n del Conocimiento (LGAC)<\/h2>\n\n\n\n<p class=\"has-black-color has-text-color has-link-color wp-elements-59bc5c3d1fd7d879b51e02b28e49ceee\"><strong>Direcci\u00f3n y Gobierno de Entidades Econ\u00f3micas<\/strong>&nbsp; (LGAC-2017-TEHU-MADM-17)<\/p>\n\n\n\n<p class=\"has-black-color has-text-color has-link-color wp-elements-aeef2944cb1f1e46bad9adf9de576591\"><strong>Gesti\u00f3n Empresarial<\/strong>&nbsp;(LGAC-2017-TEHU-MADM-19)<\/p>\n\n\n\n<div style=\"height:20px\" aria-hidden=\"true\" class=\"wp-block-spacer\"><\/div>\n\n\n\n<h2 class=\"wp-block-heading has-text-align-center has-text-color has-link-color wp-elements-5b04cc6b99544faa7a2a8911e32c4e55\" style=\"color:#002966\"><strong>Sublineas<\/strong><\/h2>\n\n\n\n<ul class=\"has-black-color has-text-color has-link-color wp-block-list wp-elements-50fbd06aa5efb9398dafa6cc1fcf978e\">\n<li>Gesti\u00f3n del conocimiento<\/li>\n\n\n\n<li>Tecnolog\u00edas de informaci\u00f3n y comunicaci\u00f3n<\/li>\n\n\n\n<li>Micro, peque\u00f1a y mediana empresa<\/li>\n\n\n\n<li>Competitividad e innovaci\u00f3n<\/li>\n\n\n\n<li>Capital humano<\/li>\n\n\n\n<li>Competencias generales<\/li>\n\n\n\n<li>Capital intelectual<\/li>\n\n\n\n<li>Desarrollo sustentable<\/li>\n\n\n\n<li>Finanzas<\/li>\n\n\n\n<li>Direcci\u00f3n y Gobierno Corporativo<\/li>\n<\/ul>\n\n\n\n<div style=\"height:20px\" aria-hidden=\"true\" class=\"wp-block-spacer\"><\/div>\n\n\n\n<h2 class=\"wp-block-heading has-text-align-center has-text-color has-link-color wp-elements-01d25b089a62783f03ec946abf6938fa\" style=\"color:#600505\">Mapa Curricular<\/h2>\n\n\n\n<div class=\"wp-block-columns is-layout-flex wp-container-core-columns-is-layout-9d6595d7 wp-block-columns-is-layout-flex\">\n<div class=\"wp-block-column is-layout-flow wp-block-column-is-layout-flow\">\n<div class=\"wp-block-group is-vertical is-content-justification-stretch is-layout-flex wp-container-core-group-is-layout-b16ad781 wp-block-group-is-layout-flex\">\n<div class=\"wp-block-group is-vertical is-content-justification-stretch is-layout-flex wp-container-core-group-is-layout-b16ad781 wp-block-group-is-layout-flex\">\n<h3 class=\"wp-block-heading has-text-align-center\">I Semestre<\/h3>\n\n\n\n<p class=\"has-text-align-right has-black-color has-text-color has-link-color wp-elements-e48023dfa1c8d1af40f455eab77e91d2\">Cr\u00e9ditos 22<\/p>\n<\/div>\n<\/div>\n<\/div>\n\n\n\n<div class=\"wp-block-column is-layout-flow wp-block-column-is-layout-flow\">\n<div class=\"wp-block-group is-vertical is-content-justification-stretch is-layout-flex wp-container-core-group-is-layout-b16ad781 wp-block-group-is-layout-flex\">\n<h3 class=\"wp-block-heading has-text-align-center\">II Semestre<\/h3>\n\n\n\n<p class=\"has-text-align-right has-black-color has-text-color has-link-color wp-elements-d358266609d3cc26cc7cf12756bb6cd7\">Cr\u00e9ditos 16<\/p>\n<\/div>\n<\/div>\n\n\n\n<div class=\"wp-block-column is-layout-flow wp-block-column-is-layout-flow\">\n<div class=\"wp-block-group is-vertical is-content-justification-stretch is-layout-flex wp-container-core-group-is-layout-b16ad781 wp-block-group-is-layout-flex\">\n<h3 class=\"wp-block-heading has-text-align-center\">III Semestre <\/h3>\n\n\n\n<p class=\"has-text-align-right has-black-color has-text-color has-link-color wp-elements-d358266609d3cc26cc7cf12756bb6cd7\">Cr\u00e9ditos 16<\/p>\n<\/div>\n<\/div>\n\n\n\n<div class=\"wp-block-column is-layout-flow wp-block-column-is-layout-flow\">\n<div class=\"wp-block-group is-vertical is-content-justification-stretch is-layout-flex wp-container-core-group-is-layout-b16ad781 wp-block-group-is-layout-flex\">\n<h3 class=\"wp-block-heading has-text-align-center\">IV Semestre<\/h3>\n\n\n\n<p class=\"has-text-align-right has-black-color has-text-color has-link-color wp-elements-b0881d6842249786335fdf6daa22ccd2\">Cr\u00e9ditos 46<\/p>\n<\/div>\n<\/div>\n<\/div>\n\n\n\n<div class=\"wp-block-columns is-layout-flex wp-container-core-columns-is-layout-9d6595d7 wp-block-columns-is-layout-flex\">\n<div class=\"wp-block-column is-layout-flow wp-block-column-is-layout-flow\">\n<div class=\"wp-block-group has-background is-vertical is-content-justification-stretch is-layout-flex wp-container-core-group-is-layout-b16ad781 wp-block-group-is-layout-flex\" style=\"background-color:#f3f3bb\">\n<h3 class=\"wp-block-heading has-text-align-center has-vivid-red-color has-text-color has-link-color wp-elements-d94ba29d6896fef0d4f7c34fa783b8ea\">Optativa<\/h3>\n\n\n\n<p class=\"has-text-align-right has-black-color has-text-color has-link-color wp-elements-3618b721e0d4e4a102aad1204afed1ba\">Cr\u00e9ditos 6<\/p>\n<\/div>\n<\/div>\n\n\n\n<div class=\"wp-block-column is-layout-flow wp-block-column-is-layout-flow\">\n<div class=\"wp-block-group has-background is-vertical is-content-justification-stretch is-layout-flex wp-container-core-group-is-layout-b16ad781 wp-block-group-is-layout-flex\" style=\"background-color:#f3f3bb\">\n<h3 class=\"wp-block-heading has-text-align-center has-vivid-red-color has-text-color has-link-color wp-elements-d94ba29d6896fef0d4f7c34fa783b8ea\">Optativa<\/h3>\n\n\n\n<p class=\"has-text-align-right has-black-color has-text-color has-link-color wp-elements-3618b721e0d4e4a102aad1204afed1ba\">Cr\u00e9ditos 6<\/p>\n<\/div>\n<\/div>\n\n\n\n<div class=\"wp-block-column is-layout-flow wp-block-column-is-layout-flow\">\n<div class=\"wp-block-group has-background is-vertical is-content-justification-stretch is-layout-flex wp-container-core-group-is-layout-b16ad781 wp-block-group-is-layout-flex\" style=\"background-color:#f3f3bb\">\n<h3 class=\"wp-block-heading has-text-align-center has-vivid-red-color has-text-color has-link-color wp-elements-e6eb11c70aa59f020298822f3780c091\">Optativa <\/h3>\n\n\n\n<p class=\"has-text-align-right has-black-color has-text-color has-link-color wp-elements-3618b721e0d4e4a102aad1204afed1ba\">Cr\u00e9ditos 6<\/p>\n<\/div>\n<\/div>\n\n\n\n<div class=\"wp-block-column is-layout-flow wp-block-column-is-layout-flow\">\n<div class=\"wp-block-group has-background is-vertical is-content-justification-stretch is-layout-flex wp-container-core-group-is-layout-b16ad781 wp-block-group-is-layout-flex\" style=\"background-color:#f3f3bb\">\n<h3 class=\"wp-block-heading has-text-align-center has-vivid-red-color has-text-color has-link-color wp-elements-d94ba29d6896fef0d4f7c34fa783b8ea\">Optativa<\/h3>\n\n\n\n<p class=\"has-text-align-right has-black-color has-text-color has-link-color wp-elements-3618b721e0d4e4a102aad1204afed1ba\">Cr\u00e9ditos 6<\/p>\n<\/div>\n<\/div>\n<\/div>\n\n\n\n<div class=\"wp-block-columns is-layout-flex wp-container-core-columns-is-layout-9d6595d7 wp-block-columns-is-layout-flex\">\n<div class=\"wp-block-column is-layout-flow wp-block-column-is-layout-flow\">\n<div class=\"wp-block-group has-background is-vertical is-content-justification-stretch is-layout-flex wp-container-core-group-is-layout-b16ad781 wp-block-group-is-layout-flex\" style=\"background-color:#600505\">\n<h3 class=\"wp-block-heading has-text-align-center has-text-color has-link-color wp-elements-35e27aa8ae67863ac5ad89aa9ec5afdf\" style=\"color:#f3f3bb;font-size:25px\"><a href=\"http:\/\/www.ittehuacan.edu.mx\/posgrado\/wp-content\/uploads\/2024\/03\/FUNDAMENTOS_DE_ADMINISTRACION.pdf\">Fundamentos de Admon.<\/a><\/h3>\n\n\n\n<p class=\"has-text-align-right has-white-color has-text-color has-link-color wp-elements-d2e10a0d4f79655263eebfd75549e6c5\">Cr\u00e9ditos 6<\/p>\n<\/div>\n<\/div>\n\n\n\n<div class=\"wp-block-column is-layout-flow wp-block-column-is-layout-flow\">\n<div class=\"wp-block-group has-background is-vertical is-content-justification-stretch is-layout-flex wp-container-core-group-is-layout-b16ad781 wp-block-group-is-layout-flex\" style=\"background-color:#600505\">\n<h3 class=\"wp-block-heading has-text-align-center has-text-color has-link-color wp-elements-7e451b7f441721715d22135a8f3de5d8\" style=\"color:#f3f3bb\"><a href=\"http:\/\/www.ittehuacan.edu.mx\/posgrado\/wp-content\/uploads\/2024\/03\/ADMINISTRACION_DE_LA_PROD_Y_OPERACIONES.pdf\">Admon. de la Prod. y las Operaciones<\/a><\/h3>\n\n\n\n<p class=\"has-text-align-right has-white-color has-text-color has-link-color wp-elements-d2e10a0d4f79655263eebfd75549e6c5\">Cr\u00e9ditos 6<\/p>\n<\/div>\n<\/div>\n\n\n\n<div class=\"wp-block-column is-layout-flow wp-block-column-is-layout-flow\">\n<div class=\"wp-block-group has-background is-vertical is-content-justification-stretch is-layout-flex wp-container-core-group-is-layout-b16ad781 wp-block-group-is-layout-flex\" style=\"background-color:#600505\">\n<h3 class=\"wp-block-heading has-text-align-center has-text-color has-link-color wp-elements-19a9843734b6333d9f329d574c1edaf1\" style=\"color:#f3f3bb\"><a href=\"http:\/\/www.ittehuacan.edu.mx\/posgrado\/wp-content\/uploads\/2024\/03\/SISTEMA_DE_LA_INFO_PARA_LA_TOMA_DE_DECISIONES.pdf\">Sist. de la Info. para la toma de Decisiones<\/a><\/h3>\n\n\n\n<p class=\"has-text-align-right has-white-color has-text-color has-link-color wp-elements-d2e10a0d4f79655263eebfd75549e6c5\">Cr\u00e9ditos 6<\/p>\n<\/div>\n<\/div>\n\n\n\n<div class=\"wp-block-column is-layout-flow wp-block-column-is-layout-flow\">\n<div class=\"wp-block-group is-vertical is-content-justification-stretch is-layout-flex wp-container-core-group-is-layout-b16ad781 wp-block-group-is-layout-flex\">\n<h3 class=\"wp-block-heading has-text-align-center\"><\/h3>\n\n\n\n<p class=\"has-text-align-right\"><\/p>\n<\/div>\n<\/div>\n<\/div>\n\n\n\n<div class=\"wp-block-columns is-layout-flex wp-container-core-columns-is-layout-9d6595d7 wp-block-columns-is-layout-flex\">\n<div class=\"wp-block-column is-layout-flow wp-block-column-is-layout-flow\">\n<div class=\"wp-block-group has-background is-vertical is-content-justification-stretch is-layout-flex wp-container-core-group-is-layout-b16ad781 wp-block-group-is-layout-flex\" style=\"background-color:#600505\">\n<h3 class=\"wp-block-heading has-text-align-center has-text-color has-link-color wp-elements-c03b87c9c20783a42df1bcca3e61aa69\" style=\"color:#f3f3bb\"><a href=\"http:\/\/www.ittehuacan.edu.mx\/posgrado\/wp-content\/uploads\/2024\/03\/ESTADISTICA_APLICADA_A_LA_ADMINISTRACION.pdf\">Estad\u00edstica Aplicada a la Admon.<\/a><\/h3>\n\n\n\n<p class=\"has-text-align-right has-white-color has-text-color has-link-color wp-elements-d2e10a0d4f79655263eebfd75549e6c5\">Cr\u00e9ditos 6<\/p>\n<\/div>\n<\/div>\n\n\n\n<div class=\"wp-block-column is-layout-flow wp-block-column-is-layout-flow\">\n<div class=\"wp-block-group is-vertical is-content-justification-stretch is-layout-flex wp-container-core-group-is-layout-b16ad781 wp-block-group-is-layout-flex\">\n<h3 class=\"wp-block-heading has-text-align-center\"><\/h3>\n\n\n\n<p><\/p>\n<\/div>\n<\/div>\n\n\n\n<div class=\"wp-block-column is-layout-flow wp-block-column-is-layout-flow\">\n<div class=\"wp-block-group is-vertical is-content-justification-stretch is-layout-flex wp-container-core-group-is-layout-b16ad781 wp-block-group-is-layout-flex\">\n<h3 class=\"wp-block-heading has-text-align-center\"><\/h3>\n\n\n\n<p class=\"has-text-align-right\"><\/p>\n<\/div>\n<\/div>\n\n\n\n<div class=\"wp-block-column is-layout-flow wp-block-column-is-layout-flow\">\n<div class=\"wp-block-group is-vertical is-content-justification-stretch is-layout-flex wp-container-core-group-is-layout-b16ad781 wp-block-group-is-layout-flex\">\n<h3 class=\"wp-block-heading has-text-align-center\"><\/h3>\n\n\n\n<p class=\"has-text-align-right\"><\/p>\n<\/div>\n<\/div>\n<\/div>\n\n\n\n<div class=\"wp-block-columns is-layout-flex wp-container-core-columns-is-layout-9d6595d7 wp-block-columns-is-layout-flex\">\n<div class=\"wp-block-column is-layout-flow wp-block-column-is-layout-flow\">\n<div class=\"wp-block-group has-background is-vertical is-content-justification-stretch is-layout-flex wp-container-core-group-is-layout-b16ad781 wp-block-group-is-layout-flex\" style=\"background-color:#040470\">\n<h3 class=\"wp-block-heading has-text-align-center has-text-color has-link-color wp-elements-80af4e965ed86aaef245d5f3d8669f6f\" style=\"color:#f3f3bb\">Seminario I<\/h3>\n\n\n\n<p class=\"has-text-align-right has-white-color has-text-color has-link-color wp-elements-772864bc03f25b8f7c4e35339a224619\">Cr\u00e9ditos 4<\/p>\n<\/div>\n<\/div>\n\n\n\n<div class=\"wp-block-column is-layout-flow wp-block-column-is-layout-flow\">\n<div class=\"wp-block-group has-background is-vertical is-content-justification-stretch is-layout-flex wp-container-core-group-is-layout-b16ad781 wp-block-group-is-layout-flex\" style=\"background-color:#040470\">\n<h3 class=\"wp-block-heading has-text-align-center has-text-color has-link-color wp-elements-55b64ae177bee4fa3c8cca0caa5579ec\" style=\"color:#f3f3bb\">Seminario II<\/h3>\n\n\n\n<p class=\"has-text-align-right has-white-color has-text-color has-link-color wp-elements-772864bc03f25b8f7c4e35339a224619\">Cr\u00e9ditos 4<\/p>\n<\/div>\n<\/div>\n\n\n\n<div class=\"wp-block-column is-layout-flow wp-block-column-is-layout-flow\">\n<div class=\"wp-block-group has-background is-vertical is-content-justification-stretch is-layout-flex wp-container-core-group-is-layout-b16ad781 wp-block-group-is-layout-flex\" style=\"background-color:#040470\">\n<h3 class=\"wp-block-heading has-text-align-center has-text-color has-link-color wp-elements-2d5f25b084268c5a8f6138f5b4274f18\" style=\"color:#f3f3bb\">Seminario III <\/h3>\n\n\n\n<p class=\"has-text-align-right has-white-color has-text-color has-link-color wp-elements-772864bc03f25b8f7c4e35339a224619\">Cr\u00e9ditos 4<\/p>\n<\/div>\n<\/div>\n\n\n\n<div class=\"wp-block-column is-layout-flow wp-block-column-is-layout-flow\">\n<div class=\"wp-block-group has-background is-vertical is-content-justification-stretch is-layout-flex wp-container-core-group-is-layout-b16ad781 wp-block-group-is-layout-flex\" style=\"background-color:#040470\">\n<h3 class=\"wp-block-heading has-text-align-center has-text-color has-link-color wp-elements-73d73089e931e0d0910b8ae1ce29fd14\" style=\"color:#f3f3bb\">Tesis<\/h3>\n\n\n\n<p class=\"has-text-align-right has-white-color has-text-color has-link-color wp-elements-68b3416bba5402a97d48e4bc2c089140\">Cr\u00e9ditos 40<\/p>\n<\/div>\n<\/div>\n<\/div>\n\n\n<div class=\"wp-block-image\">\n<figure class=\"aligncenter size-full\"><img loading=\"lazy\" decoding=\"async\" width=\"748\" height=\"130\" src=\"http:\/\/www.ittehuacan.edu.mx\/posgrado\/wp-content\/uploads\/2024\/03\/PIE.png\" alt=\"\" class=\"wp-image-366\" srcset=\"http:\/\/www.ittehuacan.edu.mx\/posgrado\/wp-content\/uploads\/2024\/03\/PIE.png 748w, http:\/\/www.ittehuacan.edu.mx\/posgrado\/wp-content\/uploads\/2024\/03\/PIE-300x52.png 300w\" sizes=\"auto, (max-width: 748px) 100vw, 748px\" \/><\/figure>\n<\/div>\n\n\n<div style=\"height:20px\" aria-hidden=\"true\" class=\"wp-block-spacer\"><\/div>\n\n\n\n<h2 class=\"wp-block-heading has-text-align-center has-text-color has-link-color wp-elements-4e913d6fa631e0d6c914bb70d18394a0\" style=\"color:#600505\">Materias Optativas<\/h2>\n\n\n\n<ul class=\"has-black-color has-text-color has-link-color wp-block-list wp-elements-d7b7483dd9581e2c1cc929b0e5f52eb6\">\n<li><a href=\"http:\/\/www.ittehuacan.edu.mx\/posgrado\/wp-content\/uploads\/2024\/03\/AdmonEstrategica.pdf\">Administraci\u00f3n estrat\u00e9gica<\/a><\/li>\n\n\n\n<li><a href=\"http:\/\/www.ittehuacan.edu.mx\/posgrado\/wp-content\/uploads\/2024\/03\/AdmonFinananciera.pdf\">Administraci\u00f3n financiera<\/a><\/li>\n\n\n\n<li><a href=\"http:\/\/www.ittehuacan.edu.mx\/posgrado\/wp-content\/uploads\/2024\/03\/AnyEstDeCompEmp.pdf\">An\u00e1lisis y estrategias para la competitividad empresarial<\/a><\/li>\n\n\n\n<li><a href=\"http:\/\/www.ittehuacan.edu.mx\/posgrado\/wp-content\/uploads\/2024\/03\/EjerciciosDeSimulacinAdministrativa.pdf\">Ejercicios de simulaci\u00f3n administrativa<\/a><\/li>\n\n\n\n<li><a href=\"http:\/\/www.ittehuacan.edu.mx\/posgrado\/wp-content\/uploads\/2024\/03\/FormulaDeProyDeInv.pdf\">Formulaci\u00f3n y evaluaci\u00f3n de proyectos de investigaci\u00f3n<\/a><\/li>\n\n\n\n<li><a href=\"http:\/\/www.ittehuacan.edu.mx\/posgrado\/wp-content\/uploads\/2024\/03\/LiderazgoyCompOrg.pdf\">Liderazgo y comportamiento organizacional<\/a><\/li>\n\n\n\n<li><a href=\"http:\/\/www.ittehuacan.edu.mx\/posgrado\/wp-content\/uploads\/2024\/03\/PlanDeNegocios.pdf\">Plan de negocios<\/a><\/li>\n\n\n\n<li><a href=\"http:\/\/www.ittehuacan.edu.mx\/posgrado\/wp-content\/uploads\/2024\/03\/TICParaElDesarrolloEmpresarial.pdf\">Tecnolog\u00edas de informaci\u00f3n y comunicaci\u00f3n para el desarrollo empresarial<\/a><\/li>\n<\/ul>\n","protected":false},"excerpt":{"rendered":"<p>Clave: MPADM-2011-26 Objetivo General Formar profesionistas competentes e innovadores en la gesti\u00f3n de empresas, con capacidad de aplicar las herramientas &hellip; <\/p>\n","protected":false},"author":1,"featured_media":0,"parent":0,"menu_order":0,"comment_status":"closed","ping_status":"closed","template":"","meta":{"footnotes":""},"class_list":["post-31","page","type-page","status-publish","hentry"],"_links":{"self":[{"href":"http:\/\/www.ittehuacan.edu.mx\/posgrado\/index.php?rest_route=\/wp\/v2\/pages\/31","targetHints":{"allow":["GET"]}}],"collection":[{"href":"http:\/\/www.ittehuacan.edu.mx\/posgrado\/index.php?rest_route=\/wp\/v2\/pages"}],"about":[{"href":"http:\/\/www.ittehuacan.edu.mx\/posgrado\/index.php?rest_route=\/wp\/v2\/types\/page"}],"author":[{"embeddable":true,"href":"http:\/\/www.ittehuacan.edu.mx\/posgrado\/index.php?rest_route=\/wp\/v2\/users\/1"}],"replies":[{"embeddable":true,"href":"http:\/\/www.ittehuacan.edu.mx\/posgrado\/index.php?rest_route=%2Fwp%2Fv2%2Fcomments&post=31"}],"version-history":[{"count":142,"href":"http:\/\/www.ittehuacan.edu.mx\/posgrado\/index.php?rest_route=\/wp\/v2\/pages\/31\/revisions"}],"predecessor-version":[{"id":609,"href":"http:\/\/www.ittehuacan.edu.mx\/posgrado\/index.php?rest_route=\/wp\/v2\/pages\/31\/revisions\/609"}],"wp:attachment":[{"href":"http:\/\/www.ittehuacan.edu.mx\/posgrado\/index.php?rest_route=%2Fwp%2Fv2%2Fmedia&parent=31"}],"curies":[{"name":"wp","href":"https:\/\/api.w.org\/{rel}","templated":true}]}}