{"id":44,"date":"2024-03-05T20:41:30","date_gmt":"2024-03-05T20:41:30","guid":{"rendered":"http:\/\/www.ittehuacan.edu.mx\/posgrado\/?page_id=44"},"modified":"2024-04-12T19:49:22","modified_gmt":"2024-04-12T19:49:22","slug":"planta-docente","status":"publish","type":"page","link":"http:\/\/www.ittehuacan.edu.mx\/posgrado\/?page_id=44","title":{"rendered":"Planta Docente"},"content":{"rendered":"<div class=\"wp-block-image\">\n<figure class=\"aligncenter size-full\"><img loading=\"lazy\" decoding=\"async\" width=\"795\" height=\"418\" src=\"http:\/\/www.ittehuacan.edu.mx\/posgrado\/wp-content\/uploads\/2024\/03\/PlantaDocente.png\" alt=\"\" class=\"wp-image-180\" srcset=\"http:\/\/www.ittehuacan.edu.mx\/posgrado\/wp-content\/uploads\/2024\/03\/PlantaDocente.png 795w, http:\/\/www.ittehuacan.edu.mx\/posgrado\/wp-content\/uploads\/2024\/03\/PlantaDocente-300x158.png 300w, http:\/\/www.ittehuacan.edu.mx\/posgrado\/wp-content\/uploads\/2024\/03\/PlantaDocente-768x404.png 768w\" sizes=\"auto, (max-width: 795px) 100vw, 795px\" \/><\/figure>\n<\/div>\n\n\n<div style=\"height:50px\" aria-hidden=\"true\" class=\"wp-block-spacer\"><\/div>\n\n\n\n<h2 class=\"wp-block-heading has-text-align-center has-text-color has-link-color wp-elements-98f16e523dc9431ca00d7bb9f0f8c667\" style=\"color:#600505\">Maestr\u00eda en Ingenier\u00eda Industrial<\/h2>\n\n\n\n<div style=\"height:10px\" aria-hidden=\"true\" class=\"wp-block-spacer\"><\/div>\n\n\n\n<div class=\"wp-block-group is-vertical is-content-justification-stretch is-layout-flex wp-container-core-group-is-layout-b16ad781 wp-block-group-is-layout-flex\">\n<div class=\"wp-block-group has-medium-font-size is-vertical is-content-justification-stretch is-layout-flex wp-container-core-group-is-layout-b16ad781 wp-block-group-is-layout-flex\">\n<p class=\"has-text-align-center has-black-color has-text-color has-link-color wp-elements-faff29ba774d8c779dc17a1616f121ab\"><strong>Dra (C).<\/strong>  <strong>Jessica Cruz Manzo<\/strong><\/p>\n\n\n\n<p class=\"has-text-align-center has-text-color has-link-color wp-elements-e0614ff6d895c2bb0fb1a0c925efb3e0\" style=\"color:#000073\"><strong><strong>Jefa de la Divisi\u00f3n de Estudios de Posgradoe Investigaci\u00f3n<\/strong><\/strong><\/p>\n<\/div>\n\n\n\n<div class=\"wp-block-columns is-layout-flex wp-container-core-columns-is-layout-9d6595d7 wp-block-columns-is-layout-flex\">\n<div class=\"wp-block-column is-layout-flow wp-block-column-is-layout-flow\">\n<p class=\"has-text-align-center has-black-color has-text-color has-link-color wp-elements-be371bc802a7025435f0ea632cd8de37\" style=\"font-size:15px\">Candidata a Doctora en Planeaci\u00f3n Estrat\u00e9gica y Direcci\u00f3n de Tecnolog\u00eda<\/p>\n<\/div>\n<\/div>\n<\/div>\n\n\n\n<hr class=\"wp-block-separator has-alpha-channel-opacity is-style-dots\"\/>\n\n\n\n<div class=\"wp-block-group is-vertical is-content-justification-stretch is-layout-flex wp-container-core-group-is-layout-b16ad781 wp-block-group-is-layout-flex\">\n<div class=\"wp-block-group has-medium-font-size is-vertical is-content-justification-stretch is-layout-flex wp-container-core-group-is-layout-b16ad781 wp-block-group-is-layout-flex\">\n<p class=\"has-text-align-center has-black-color has-text-color has-link-color wp-elements-1af78e62c680b62db3964bb09d3fa13d\"><strong>Dra. Miriam Silvia L\u00f3pez Vigil<\/strong><\/p>\n\n\n\n<p class=\"has-text-align-center has-text-color has-link-color wp-elements-a88fd94c372faebc9db9ee3a425a72ce\" style=\"color:#000073\"><strong>Coordinadora de Investigaci\u00f3n y Presidentadel Consejo de Posgrado de la Maestr\u00eda en Ingenier\u00eda Industrial<\/strong><\/p>\n<\/div>\n\n\n\n<div class=\"wp-block-columns is-layout-flex wp-container-core-columns-is-layout-9d6595d7 wp-block-columns-is-layout-flex\">\n<div class=\"wp-block-column is-layout-flow wp-block-column-is-layout-flow\">\n<p class=\"has-text-align-center has-black-color has-text-color has-link-color wp-elements-0b811fb7c2ce1c5f6fe150081a345c9d\" style=\"font-size:15px\">Doctorado en Ingenier\u00eda Ambiental<\/p>\n\n\n\n<p class=\"has-text-align-center has-black-color has-text-color has-link-color wp-elements-bf7e6d86fe95a52304143cf69b287b94\" style=\"font-size:15px;font-style:italic;font-weight:400;text-decoration:underline\">Universidad Nacional Aut\u00f3noma de M\u00e9xico<\/p>\n<\/div>\n\n\n\n<div class=\"wp-block-column is-layout-flow wp-block-column-is-layout-flow\">\n<p class=\"has-text-align-center has-black-color has-text-color has-link-color wp-elements-a9fe6c78fcaeb0ae0745e3e81de445ee\" style=\"font-size:15px\">Maestr\u00eda en Ciencias en Ingenier\u00eda Qu\u00edmica<\/p>\n\n\n\n<p class=\"has-text-align-center has-black-color has-text-color has-link-color wp-elements-e15460f2769d401728b2bc070366dcf6\" style=\"font-size:15px;font-style:italic;font-weight:400;text-decoration:underline\">Instituto Tecnol\u00f3gico de Orizaba<\/p>\n<\/div>\n\n\n\n<div class=\"wp-block-column is-layout-flow wp-block-column-is-layout-flow\">\n<p class=\"has-text-align-center has-black-color has-text-color has-link-color wp-elements-e09d3a479c28601a9e6dd9d937761df3 wp-container-content-32f399ae\" style=\"font-size:15px\">Ingenier\u00eda Bioqu\u00edmica<\/p>\n\n\n\n<p class=\"has-text-align-center has-black-color has-text-color has-link-color wp-elements-bae82136d5ca032727bf9038cba9c7a8\" style=\"font-size:15px;font-style:italic;font-weight:400;text-decoration:underline\">Instituto Tecnol\u00f3gico de Veracruz<\/p>\n<\/div>\n<\/div>\n<\/div>\n\n\n\n<hr class=\"wp-block-separator has-alpha-channel-opacity is-style-dots\"\/>\n\n\n\n<div class=\"wp-block-group is-vertical is-content-justification-stretch is-layout-flex wp-container-core-group-is-layout-b16ad781 wp-block-group-is-layout-flex\">\n<div class=\"wp-block-group is-vertical is-content-justification-stretch is-layout-flex wp-container-core-group-is-layout-b16ad781 wp-block-group-is-layout-flex\">\n<div class=\"wp-block-group has-medium-font-size is-vertical is-content-justification-stretch is-layout-flex wp-container-core-group-is-layout-b16ad781 wp-block-group-is-layout-flex\">\n<p class=\"has-text-align-center has-black-color has-text-color has-link-color wp-elements-70c1bb3553055b8e3a28e3fd786aa2b1\"><strong><strong><strong>M.I.I. H\u00e9ctor Santos Alvarado<\/strong><\/strong><\/strong><\/p>\n\n\n\n<p class=\"has-text-align-center has-text-color has-link-color wp-elements-3bb1af5eee2233f3509007d60ac48795\" style=\"color:#000073\"><strong>Coordinador del Programa de en Ingenier\u00eda Industrial<\/strong><\/p>\n<\/div>\n\n\n\n<div class=\"wp-block-columns is-layout-flex wp-container-core-columns-is-layout-9d6595d7 wp-block-columns-is-layout-flex\">\n<div class=\"wp-block-column is-layout-flow wp-block-column-is-layout-flow\">\n<p class=\"has-text-align-center has-black-color has-text-color has-link-color wp-elements-e63c0f7d1428cc2370f2902bea2dc1b3\" style=\"font-size:15px\">Maestr\u00eda en Ingenier\u00eda Industrial<\/p>\n\n\n\n<p class=\"has-text-align-center has-black-color has-text-color has-link-color wp-elements-3f19ede22994db7991cbe4ad2c8b3da6\" style=\"font-size:15px;font-style:italic;font-weight:400;text-decoration:underline\">Instituto Tecnol\u00f3gico de Tehuac\u00e1n<\/p>\n<\/div>\n\n\n\n<div class=\"wp-block-column is-layout-flow wp-block-column-is-layout-flow\">\n<p class=\"has-text-align-center has-black-color has-text-color has-link-color wp-elements-4f94883cc9608f08ca7d6c3f5f50e91f\" style=\"font-size:15px\">Ingenier\u00eda Industrial Electricista<\/p>\n\n\n\n<p class=\"has-text-align-center has-black-color has-text-color has-link-color wp-elements-bd0c67a5d93aca10bd8d639c6053a79d\" style=\"font-size:15px;font-style:italic;font-weight:400;text-decoration:underline\">Instituto Tecnol\u00f3gico de Veracruz<\/p>\n<\/div>\n<\/div>\n<\/div>\n<\/div>\n\n\n\n<hr class=\"wp-block-separator has-alpha-channel-opacity is-style-dots\"\/>\n\n\n\n<div class=\"wp-block-group is-vertical is-content-justification-stretch is-layout-flex wp-container-core-group-is-layout-b16ad781 wp-block-group-is-layout-flex\">\n<div class=\"wp-block-group is-vertical is-content-justification-stretch is-layout-flex wp-container-core-group-is-layout-b16ad781 wp-block-group-is-layout-flex\">\n<div class=\"wp-block-group is-vertical is-content-justification-stretch is-layout-flex wp-container-core-group-is-layout-b16ad781 wp-block-group-is-layout-flex\">\n<div class=\"wp-block-group is-vertical is-content-justification-stretch is-layout-flex wp-container-core-group-is-layout-b16ad781 wp-block-group-is-layout-flex\">\n<div class=\"wp-block-group has-medium-font-size is-vertical is-content-justification-stretch is-layout-flex wp-container-core-group-is-layout-b16ad781 wp-block-group-is-layout-flex\">\n<p class=\"has-text-align-center has-black-color has-text-color has-link-color wp-elements-0b421098c7ba105847f6a7143f51d206\"><strong><strong>M.C. Juan Carlos V\u00e1zquez Jim\u00e9nez<\/strong><\/strong><\/p>\n\n\n\n<p class=\"has-text-align-center has-text-color has-link-color wp-elements-cc957332d9c1083ac22f83eaf51c4b33\" style=\"color:#000073\"><strong>Docente<\/strong><\/p>\n<\/div>\n\n\n\n<div class=\"wp-block-columns is-layout-flex wp-container-core-columns-is-layout-9d6595d7 wp-block-columns-is-layout-flex\">\n<div class=\"wp-block-column is-layout-flow wp-block-column-is-layout-flow\">\n<p class=\"has-text-align-center has-black-color has-text-color has-link-color wp-elements-f7ca28da559420058e0b372458f535f7\" style=\"font-size:15px\">Maestr\u00eda en Ciencias de Planificaci\u00f3n de Empresas y Desarrollo Regional<\/p>\n\n\n\n<p class=\"has-text-align-center has-black-color has-text-color has-link-color wp-elements-0fcedc05de006edb3052fb3e35b9d685\" style=\"font-size:15px;font-style:italic;font-weight:400;text-decoration:underline\">Instituto Tecnol\u00f3gico de Oaxaca<\/p>\n<\/div>\n\n\n\n<div class=\"wp-block-column is-layout-flow wp-block-column-is-layout-flow\">\n<p class=\"has-text-align-center has-black-color has-text-color has-link-color wp-elements-0f41a827af500a8c9a148f7cd08fb876\" style=\"font-size:15px\">Ingenier\u00eda Industrial Mec\u00e1nica en T\u00e9rmica<\/p>\n\n\n\n<p class=\"has-text-align-center has-black-color has-text-color has-link-color wp-elements-5401b46f617ee474c27f658d4fe56305\" style=\"font-size:15px;font-style:italic;font-weight:400;text-decoration:underline\">Instituto Tecnol\u00f3gico de Saltillo<\/p>\n<\/div>\n<\/div>\n<\/div>\n<\/div>\n<\/div>\n<\/div>\n\n\n\n<hr class=\"wp-block-separator has-alpha-channel-opacity is-style-dots\"\/>\n\n\n\n<div class=\"wp-block-group has-medium-font-size is-vertical is-content-justification-stretch is-layout-flex wp-container-core-group-is-layout-b16ad781 wp-block-group-is-layout-flex\">\n<p class=\"has-text-align-center has-black-color has-text-color has-link-color wp-elements-ed5fc90b301d004c254500e52008846c\"><strong>Dr. Sotero Alejandro Gil Zepeda<\/strong><\/p>\n\n\n\n<p class=\"has-text-align-center has-text-color has-link-color wp-elements-cc957332d9c1083ac22f83eaf51c4b33\" style=\"color:#000073\"><strong>Docente<\/strong><\/p>\n<\/div>\n\n\n\n<div class=\"wp-block-columns is-layout-flex wp-container-core-columns-is-layout-9d6595d7 wp-block-columns-is-layout-flex\">\n<div class=\"wp-block-column is-layout-flow wp-block-column-is-layout-flow\">\n<p class=\"has-text-align-center has-black-color has-text-color has-link-color wp-elements-a5bf077cbeadc550d012cbc5c9b4ec2c\" style=\"font-size:15px\">Doctorado en Ingenier\u00eda<\/p>\n\n\n\n<p class=\"has-text-align-center has-black-color has-text-color has-link-color wp-elements-dc3f5f71e362982f9ba7bca2b7b63bb6\" style=\"font-size:15px;font-style:italic;font-weight:400;text-decoration:underline\">Universidad&nbsp;Nacional Aut\u00f3noma de M\u00e9xico<\/p>\n<\/div>\n\n\n\n<div class=\"wp-block-column is-layout-flow wp-block-column-is-layout-flow\">\n<p class=\"has-text-align-center has-black-color has-text-color has-link-color wp-elements-e5edf4f6bec70cc36bf2f3558a20be68\" style=\"font-size:15px\">Maestr\u00eda en Ciencias en Ingenier\u00eda Civil<\/p>\n\n\n\n<p class=\"has-text-align-center has-black-color has-text-color has-link-color wp-elements-fc6f177f8b44698cba4271060293b977\" style=\"font-size:15px;font-style:italic;font-weight:400;text-decoration:underline\">University of Texas at Arlington<\/p>\n<\/div>\n\n\n\n<div class=\"wp-block-column is-layout-flow wp-block-column-is-layout-flow\">\n<p class=\"has-text-align-center has-black-color has-text-color has-link-color wp-elements-461c6a4840999c8d868ad9934fd443d8\" style=\"font-size:15px\">Ingenier\u00eda Civil<\/p>\n\n\n\n<p class=\"has-text-align-center has-black-color has-text-color has-link-color wp-elements-166b9020597b78544e408014717094ff\" style=\"font-size:15px;font-style:italic;font-weight:400;text-decoration:underline\">Benem\u00e9rita Universidad Aut\u00f3noma de Puebla<\/p>\n<\/div>\n<\/div>\n\n\n\n<hr class=\"wp-block-separator has-alpha-channel-opacity is-style-dots\"\/>\n\n\n\n<div class=\"wp-block-group is-vertical is-content-justification-stretch is-layout-flex wp-container-core-group-is-layout-b16ad781 wp-block-group-is-layout-flex\">\n<div class=\"wp-block-group has-medium-font-size is-vertical is-content-justification-stretch is-layout-flex wp-container-core-group-is-layout-b16ad781 wp-block-group-is-layout-flex\">\n<p class=\"has-text-align-center has-black-color has-text-color has-link-color wp-elements-d80a8fcdfc3ec0f3b94c8dcbe58f471a\"><strong>M.C. Iv\u00e1n Araoz Baltazar<\/strong><\/p>\n\n\n\n<p class=\"has-text-align-center has-text-color has-link-color wp-elements-cc957332d9c1083ac22f83eaf51c4b33\" style=\"color:#000073\"><strong>Docente<\/strong><\/p>\n<\/div>\n\n\n\n<div class=\"wp-block-columns is-layout-flex wp-container-core-columns-is-layout-9d6595d7 wp-block-columns-is-layout-flex\">\n<div class=\"wp-block-column is-layout-flow wp-block-column-is-layout-flow\">\n<p class=\"has-text-align-center has-black-color has-text-color has-link-color wp-elements-005eec91240fc042f750151f5df250c0\" style=\"font-size:15px\">Maestr\u00eda en Ciencias en Ingenier\u00eda Industrial<\/p>\n\n\n\n<p class=\"has-text-align-center has-black-color has-text-color has-link-color wp-elements-4d7edb3b643fa015d8b6070c6e4b9695\" style=\"font-size:15px;font-style:italic;font-weight:400;text-decoration:underline\">Instituto Tecnol\u00f3gico de Orizaba<\/p>\n<\/div>\n\n\n\n<div class=\"wp-block-column is-layout-flow wp-block-column-is-layout-flow\">\n<p class=\"has-text-align-center has-black-color has-text-color has-link-color wp-elements-df87c41c4df9110b64d2aa0b80ad7ce7\" style=\"font-size:15px\">Ingenier\u00eda Industrial<\/p>\n\n\n\n<p class=\"has-text-align-center has-black-color has-text-color has-link-color wp-elements-5bbc82d052acb42e3b819e567e5d0270\" style=\"font-size:15px;font-style:italic;font-weight:400;text-decoration:underline\">Instituto Tecnol\u00f3gico de Tehuac\u00e1n<\/p>\n<\/div>\n<\/div>\n<\/div>\n\n\n\n<div style=\"height:50px\" aria-hidden=\"true\" class=\"wp-block-spacer\"><\/div>\n\n\n\n<h2 class=\"wp-block-heading has-text-align-center has-text-color has-link-color wp-elements-bc46aac26a805a06336736c704ea8055\" style=\"color:#600505\">Maestr\u00eda en Administraci\u00f3n<\/h2>\n\n\n\n<div style=\"height:10px\" aria-hidden=\"true\" class=\"wp-block-spacer\"><\/div>\n\n\n\n<div class=\"wp-block-group is-vertical is-content-justification-stretch is-layout-flex wp-container-core-group-is-layout-b16ad781 wp-block-group-is-layout-flex\">\n<div class=\"wp-block-group has-medium-font-size is-vertical is-content-justification-stretch is-layout-flex wp-container-core-group-is-layout-b16ad781 wp-block-group-is-layout-flex\">\n<div class=\"wp-block-group is-vertical is-content-justification-stretch is-layout-flex wp-container-core-group-is-layout-b16ad781 wp-block-group-is-layout-flex\">\n<p class=\"has-text-align-center has-black-color has-text-color has-link-color wp-elements-dcc145e91b82076c60456f40b2d89fe1\"><strong>Dr. Javier Mart\u00edn Garc\u00eda Mej\u00eda<\/strong><\/p>\n\n\n\n<p class=\"has-text-align-center has-text-color has-link-color wp-elements-a1dfe30af23635882942608437d98a1b\" style=\"color:#000073\"><strong>Presidente del Consejo de Posgrado de la Maestr\u00eda en Administraci\u00f3n<\/strong><\/p>\n<\/div>\n<\/div>\n\n\n\n<div class=\"wp-block-columns is-layout-flex wp-container-core-columns-is-layout-9d6595d7 wp-block-columns-is-layout-flex\">\n<div class=\"wp-block-column is-layout-flow wp-block-column-is-layout-flow\">\n<p class=\"has-text-align-center has-black-color has-text-color has-link-color wp-elements-0b811fb7c2ce1c5f6fe150081a345c9d\" style=\"font-size:15px\">Doctorado en Ingenier\u00eda Ambiental<\/p>\n\n\n\n<p class=\"has-text-align-center has-black-color has-text-color has-link-color wp-elements-593abc2c6a095f6d8a736c09aa4af3be\" style=\"font-size:15px;font-style:italic;font-weight:400;text-decoration:underline\">Universidad Popular Aut\u00f3noma Del Estado de Puebla<\/p>\n<\/div>\n\n\n\n<div class=\"wp-block-column is-layout-flow wp-block-column-is-layout-flow\">\n<p class=\"has-text-align-center has-black-color has-text-color has-link-color wp-elements-aa08399574d42eb85ee11aa20805654d\" style=\"font-size:15px\">Maestr\u00eda en Ciencias en Ense\u00f1anza de las Ciencias<\/p>\n\n\n\n<p class=\"has-text-align-center has-black-color has-text-color has-link-color wp-elements-3ad6f94aa5591cd1ad6c5e2621068de8\" style=\"font-size:15px;font-style:italic;font-weight:400;text-decoration:underline\">CIIDET Quer\u00e9taro<\/p>\n<\/div>\n\n\n\n<div class=\"wp-block-column is-layout-flow wp-block-column-is-layout-flow\">\n<p class=\"has-text-align-center has-black-color has-text-color has-link-color wp-elements-0469ec7dd08b3db3bd547c45009f7e2c wp-container-content-32f399ae\" style=\"font-size:15px\">Maestr\u00eda en Educaci\u00f3n<\/p>\n\n\n\n<p class=\"has-text-align-center has-black-color has-text-color has-link-color wp-elements-23d67db05bebc4fc6dc8b7fad585e37f\" style=\"font-size:15px;font-style:italic;font-weight:400;text-decoration:underline\">Universidad Popular Aut\u00f3noma del Estado de Puebla<\/p>\n<\/div>\n<\/div>\n\n\n\n<div class=\"wp-block-columns is-layout-flex wp-container-core-columns-is-layout-9d6595d7 wp-block-columns-is-layout-flex\">\n<div class=\"wp-block-column is-layout-flow wp-block-column-is-layout-flow\">\n<p class=\"has-text-align-center has-black-color has-text-color has-link-color wp-elements-63e57c3d94e6bc6d6b5baaf863e6db68\" style=\"font-size:15px\">Maestr\u00eda en Ciencias de la Administraci\u00f3n<\/p>\n\n\n\n<p class=\"has-text-align-center has-black-color has-text-color has-link-color wp-elements-bd521c5e41ebf260bebaf4ce856368d5\" style=\"font-size:15px;font-style:italic;font-weight:400;text-decoration:underline\">Instituto de Estudios Universitarios A.C.&nbsp;<\/p>\n<\/div>\n\n\n\n<div class=\"wp-block-column is-layout-flow wp-block-column-is-layout-flow\">\n<p class=\"has-text-align-center has-black-color has-text-color has-link-color wp-elements-81edb52138210f82eb95e0e7caf76fa9\" style=\"font-size:15px\">Ingenier\u00eda Industrial en Control de Calidad<\/p>\n\n\n\n<p class=\"has-text-align-center has-black-color has-text-color has-link-color wp-elements-00f61909e85f6f68b400374136b07baf\" style=\"font-size:15px;font-style:italic;font-weight:400;text-decoration:underline\">Instituto Tecnol\u00f3gico de Tehuac\u00e1n<\/p>\n<\/div>\n<\/div>\n<\/div>\n\n\n\n<hr class=\"wp-block-separator has-alpha-channel-opacity is-style-dots\"\/>\n\n\n\n<div class=\"wp-block-group is-vertical is-content-justification-stretch is-layout-flex wp-container-core-group-is-layout-b16ad781 wp-block-group-is-layout-flex\">\n<div class=\"wp-block-group has-medium-font-size is-vertical is-content-justification-stretch is-layout-flex wp-container-core-group-is-layout-b16ad781 wp-block-group-is-layout-flex\">\n<div class=\"wp-block-group is-vertical is-content-justification-stretch is-layout-flex wp-container-core-group-is-layout-b16ad781 wp-block-group-is-layout-flex\">\n<p class=\"has-text-align-center has-black-color has-text-color has-link-color wp-elements-7993e85b9c3f3e51e925cfe97eba73a5\"><strong>M.I.E. Bertha Leticia Franco Salazar<\/strong><\/p>\n\n\n\n<p class=\"has-text-align-center has-text-color has-link-color wp-elements-31b766573c200a15ee25068b09ae399d\" style=\"color:#000073\"><strong>Docente<\/strong><\/p>\n<\/div>\n<\/div>\n\n\n\n<div class=\"wp-block-columns is-layout-flex wp-container-core-columns-is-layout-9d6595d7 wp-block-columns-is-layout-flex\">\n<div class=\"wp-block-column is-layout-flow wp-block-column-is-layout-flow\">\n<p class=\"has-text-align-center has-black-color has-text-color has-link-color wp-elements-490e8b5577cbce88e0909696adf044ce\" style=\"font-size:15px\">Maestr\u00eda en Investigaci\u00f3n Educativa<\/p>\n\n\n\n<p class=\"has-text-align-center has-black-color has-text-color has-link-color wp-elements-2ea855a1458c1a82dba9c0dec52c7e16\" style=\"font-size:15px;font-style:italic;font-weight:400;text-decoration:underline\">CIIDET Quer\u00e9taro<\/p>\n<\/div>\n\n\n\n<div class=\"wp-block-column is-layout-flow wp-block-column-is-layout-flow\">\n<p class=\"has-text-align-center has-black-color has-text-color has-link-color wp-elements-147254f7b25982fe5182a80c3eab7754 wp-container-content-32f399ae\" style=\"font-size:15px\">Licenciatura en Administraci\u00f3n de Empresas<\/p>\n\n\n\n<p class=\"has-text-align-center has-black-color has-text-color has-link-color wp-elements-c5577b7d088c17d74b39f2429c5259ba\" style=\"font-size:15px;font-style:italic;font-weight:400;text-decoration:underline\">Instituto Tecnol\u00f3gico de Tehuac\u00e1n<\/p>\n<\/div>\n<\/div>\n<\/div>\n\n\n\n<hr class=\"wp-block-separator has-alpha-channel-opacity is-style-dots\"\/>\n\n\n\n<div class=\"wp-block-group is-vertical is-content-justification-stretch is-layout-flex wp-container-core-group-is-layout-b16ad781 wp-block-group-is-layout-flex\">\n<div class=\"wp-block-group has-medium-font-size is-vertical is-content-justification-stretch is-layout-flex wp-container-core-group-is-layout-b16ad781 wp-block-group-is-layout-flex\">\n<div class=\"wp-block-group is-vertical is-content-justification-stretch is-layout-flex wp-container-core-group-is-layout-b16ad781 wp-block-group-is-layout-flex\">\n<p class=\"has-text-align-center has-black-color has-text-color has-link-color wp-elements-1ae3688cfcc5f9b0f6e28d5211b26e41\"><strong>M.C. Elsa Hern\u00e1ndez Cortes<\/strong><\/p>\n\n\n\n<p class=\"has-text-align-center has-text-color has-link-color wp-elements-0eb755dc27b8fceee5634a611f8dd16a\" style=\"color:#000073\"><strong>Docente <\/strong><\/p>\n<\/div>\n<\/div>\n\n\n\n<div class=\"wp-block-columns is-layout-flex wp-container-core-columns-is-layout-9d6595d7 wp-block-columns-is-layout-flex\">\n<div class=\"wp-block-column is-layout-flow wp-block-column-is-layout-flow\">\n<p class=\"has-text-align-center has-black-color has-text-color has-link-color wp-elements-84ee1b729c3d744c212a89c4e576a3fb\" style=\"font-size:15px\">Maestr\u00eda en Ciencias de la Computaci\u00f3n<\/p>\n\n\n\n<p class=\"has-text-align-center has-black-color has-text-color has-link-color wp-elements-4d7edb3b643fa015d8b6070c6e4b9695\" style=\"font-size:15px;font-style:italic;font-weight:400;text-decoration:underline\">Instituto Tecnol\u00f3gico de Orizaba<\/p>\n<\/div>\n\n\n\n<div class=\"wp-block-column is-layout-flow wp-block-column-is-layout-flow\">\n<p class=\"has-text-align-center has-black-color has-text-color has-link-color wp-elements-c5ef9c3f07b3b17b83025836cb713387 wp-container-content-32f399ae\" style=\"font-size:15px\">Licenciatura en Inform\u00e1tica<\/p>\n\n\n\n<p class=\"has-text-align-center has-black-color has-text-color has-link-color wp-elements-c3cc73742b5911ef78ea692c78cbc702\" style=\"font-size:15px;font-style:italic;font-weight:400;text-decoration:underline\">Instituto Tecnol\u00f3gico de Orizaba<\/p>\n<\/div>\n<\/div>\n<\/div>\n\n\n\n<hr class=\"wp-block-separator has-alpha-channel-opacity is-style-dots\"\/>\n\n\n\n<div class=\"wp-block-group is-vertical is-content-justification-stretch is-layout-flex wp-container-core-group-is-layout-b16ad781 wp-block-group-is-layout-flex\">\n<div class=\"wp-block-group has-medium-font-size is-vertical is-content-justification-stretch is-layout-flex wp-container-core-group-is-layout-b16ad781 wp-block-group-is-layout-flex\">\n<div class=\"wp-block-group is-vertical is-content-justification-stretch is-layout-flex wp-container-core-group-is-layout-b16ad781 wp-block-group-is-layout-flex\">\n<p class=\"has-text-align-center has-black-color has-text-color has-link-color wp-elements-ad4c9a2b7ca5b07a7b1c2e731e078f3e\"><strong>M.F. Rogelio Rojas Ramos<\/strong><\/p>\n\n\n\n<p class=\"has-text-align-center has-text-color has-link-color wp-elements-31b766573c200a15ee25068b09ae399d\" style=\"color:#000073\"><strong>Docente<\/strong><\/p>\n<\/div>\n<\/div>\n\n\n\n<div class=\"wp-block-columns is-layout-flex wp-container-core-columns-is-layout-9d6595d7 wp-block-columns-is-layout-flex\">\n<div class=\"wp-block-column is-layout-flow wp-block-column-is-layout-flow\">\n<p class=\"has-text-align-center has-black-color has-text-color has-link-color wp-elements-2cee85418af8b1a54e23cc1d4bf1be54\" style=\"font-size:15px\">Maestr\u00eda en Finanzas<\/p>\n\n\n\n<p class=\"has-text-align-center has-black-color has-text-color has-link-color wp-elements-bf7e6d86fe95a52304143cf69b287b94\" style=\"font-size:15px;font-style:italic;font-weight:400;text-decoration:underline\">Universidad Nacional Aut\u00f3noma de M\u00e9xico<\/p>\n<\/div>\n\n\n\n<div class=\"wp-block-column is-layout-flow wp-block-column-is-layout-flow\">\n<p class=\"has-text-align-center has-black-color has-text-color has-link-color wp-elements-58f485ed7dbf18544adb8a44cf7cef92 wp-container-content-32f399ae\" style=\"font-size:15px\">Licenciatura en F\u00edsica<\/p>\n\n\n\n<p class=\"has-text-align-center has-black-color has-text-color has-link-color wp-elements-7b4ba41778294a4af12a73edfa707ef8\" style=\"font-size:15px;font-style:italic;font-weight:400;text-decoration:underline\">Universidad Nacional Aut\u00f3noma de M\u00e9xico<\/p>\n<\/div>\n<\/div>\n<\/div>\n","protected":false},"excerpt":{"rendered":"<p>Maestr\u00eda en Ingenier\u00eda Industrial Dra (C). Jessica Cruz Manzo Jefa de la Divisi\u00f3n de Estudios de Posgradoe Investigaci\u00f3n Candidata a &hellip; <\/p>\n","protected":false},"author":1,"featured_media":0,"parent":0,"menu_order":0,"comment_status":"closed","ping_status":"closed","template":"","meta":{"footnotes":""},"class_list":["post-44","page","type-page","status-publish","hentry"],"_links":{"self":[{"href":"http:\/\/www.ittehuacan.edu.mx\/posgrado\/index.php?rest_route=\/wp\/v2\/pages\/44","targetHints":{"allow":["GET"]}}],"collection":[{"href":"http:\/\/www.ittehuacan.edu.mx\/posgrado\/index.php?rest_route=\/wp\/v2\/pages"}],"about":[{"href":"http:\/\/www.ittehuacan.edu.mx\/posgrado\/index.php?rest_route=\/wp\/v2\/types\/page"}],"author":[{"embeddable":true,"href":"http:\/\/www.ittehuacan.edu.mx\/posgrado\/index.php?rest_route=\/wp\/v2\/users\/1"}],"replies":[{"embeddable":true,"href":"http:\/\/www.ittehuacan.edu.mx\/posgrado\/index.php?rest_route=%2Fwp%2Fv2%2Fcomments&post=44"}],"version-history":[{"count":53,"href":"http:\/\/www.ittehuacan.edu.mx\/posgrado\/index.php?rest_route=\/wp\/v2\/pages\/44\/revisions"}],"predecessor-version":[{"id":819,"href":"http:\/\/www.ittehuacan.edu.mx\/posgrado\/index.php?rest_route=\/wp\/v2\/pages\/44\/revisions\/819"}],"wp:attachment":[{"href":"http:\/\/www.ittehuacan.edu.mx\/posgrado\/index.php?rest_route=%2Fwp%2Fv2%2Fmedia&parent=44"}],"curies":[{"name":"wp","href":"https:\/\/api.w.org\/{rel}","templated":true}]}}