{"id":58,"date":"2024-03-05T20:52:15","date_gmt":"2024-03-05T20:52:15","guid":{"rendered":"http:\/\/www.ittehuacan.edu.mx\/posgrado\/?page_id=58"},"modified":"2024-04-12T19:51:31","modified_gmt":"2024-04-12T19:51:31","slug":"inicio","status":"publish","type":"page","link":"http:\/\/www.ittehuacan.edu.mx\/posgrado\/","title":{"rendered":"Inicio"},"content":{"rendered":"<div class=\"n2-section-smartslider fitvidsignore  n2_clear\" data-ssid=\"10\"><div id=\"n2-ss-10-align\" class=\"n2-ss-align\"><div class=\"n2-padding\"><div id=\"n2-ss-10\" data-creator=\"Smart Slider 3\" data-responsive=\"auto\" class=\"n2-ss-slider n2-ow n2-has-hover n2notransition  \">\n\n\n\n<div class=\"n2-ss-slider-wrapper-inside\">\n        <div class=\"n2-ss-slider-1 n2_ss__touch_element n2-ow\">\n            <div class=\"n2-ss-slider-2 n2-ow\">\n                                                    <div class=\"n2-ss-background-animation n2-ow\"><\/div>\n                                <div class=\"n2-ss-slider-3 n2-ow\">\n\n                    <div class=\"n2-ss-slide-backgrounds n2-ow-all\"><div class=\"n2-ss-slide-background\" data-public-id=\"1\" data-mode=\"fill\"><div class=\"n2-ss-slide-background-image\" data-blur=\"0\" data-opacity=\"100\" data-x=\"50\" data-y=\"50\" data-alt=\"\" data-title=\"\"><picture class=\"skip-lazy\" data-skip-lazy=\"1\"><img decoding=\"async\" src=\"\/\/www.ittehuacan.edu.mx\/posgrado\/wp-content\/uploads\/2024\/08\/convocatoria.png\" alt=\"\" title=\"\" loading=\"lazy\" class=\"skip-lazy\" data-skip-lazy=\"1\"><\/picture><\/div><div data-color=\"RGBA(255,255,255,0)\" style=\"background-color: RGBA(255,255,255,0);\" class=\"n2-ss-slide-background-color\"><\/div><\/div><div class=\"n2-ss-slide-background\" data-public-id=\"2\" data-mode=\"stretch\"><div class=\"n2-ss-slide-background-image\" data-blur=\"0\" data-opacity=\"100\" data-x=\"50\" data-y=\"50\" data-alt=\"\" data-title=\"\"><picture class=\"skip-lazy\" data-skip-lazy=\"1\"><img decoding=\"async\" src=\"\/\/www.ittehuacan.edu.mx\/posgrado\/wp-content\/uploads\/2024\/03\/B1.png\" alt=\"\" title=\"\" loading=\"lazy\" class=\"skip-lazy\" data-skip-lazy=\"1\"><\/picture><\/div><div data-color=\"RGBA(255,255,255,0)\" style=\"background-color: RGBA(255,255,255,0);\" class=\"n2-ss-slide-background-color\"><\/div><\/div><div class=\"n2-ss-slide-background\" data-public-id=\"3\" data-mode=\"stretch\"><div class=\"n2-ss-slide-background-image\" data-blur=\"0\" data-opacity=\"100\" data-x=\"50\" data-y=\"50\" data-alt=\"\" data-title=\"\"><picture class=\"skip-lazy\" data-skip-lazy=\"1\"><img decoding=\"async\" src=\"\/\/www.ittehuacan.edu.mx\/posgrado\/wp-content\/uploads\/2024\/03\/B2.png\" alt=\"\" title=\"\" loading=\"lazy\" class=\"skip-lazy\" data-skip-lazy=\"1\"><\/picture><\/div><div data-color=\"RGBA(255,255,255,0)\" style=\"background-color: RGBA(255,255,255,0);\" class=\"n2-ss-slide-background-color\"><\/div><\/div><div class=\"n2-ss-slide-background\" data-public-id=\"4\" data-mode=\"stretch\"><div class=\"n2-ss-slide-background-image\" data-blur=\"0\" data-opacity=\"100\" data-x=\"50\" data-y=\"50\" data-alt=\"\" data-title=\"\"><picture class=\"skip-lazy\" data-skip-lazy=\"1\"><img decoding=\"async\" src=\"\/\/www.ittehuacan.edu.mx\/posgrado\/wp-content\/uploads\/2024\/03\/B3.png\" alt=\"\" title=\"\" loading=\"lazy\" class=\"skip-lazy\" data-skip-lazy=\"1\"><\/picture><\/div><div data-color=\"RGBA(255,255,255,0)\" style=\"background-color: RGBA(255,255,255,0);\" class=\"n2-ss-slide-background-color\"><\/div><\/div><div class=\"n2-ss-slide-background\" data-public-id=\"5\" data-mode=\"stretch\"><div class=\"n2-ss-slide-background-image\" data-blur=\"0\" data-opacity=\"100\" data-x=\"50\" data-y=\"50\" data-alt=\"\" data-title=\"\"><picture class=\"skip-lazy\" data-skip-lazy=\"1\"><img decoding=\"async\" src=\"\/\/www.ittehuacan.edu.mx\/posgrado\/wp-content\/uploads\/2024\/03\/B4.png\" alt=\"\" title=\"\" loading=\"lazy\" class=\"skip-lazy\" data-skip-lazy=\"1\"><\/picture><\/div><div data-color=\"RGBA(255,255,255,0)\" style=\"background-color: RGBA(255,255,255,0);\" class=\"n2-ss-slide-background-color\"><\/div><\/div><\/div>                    <div class=\"n2-ss-slider-4 n2-ow\">\n                        <svg xmlns=\"http:\/\/www.w3.org\/2000\/svg\" viewBox=\"0 0 1200 400\" data-related-device=\"desktopPortrait\" class=\"n2-ow n2-ss-preserve-size n2-ss-preserve-size--slider n2-ss-slide-limiter\"><\/svg><div data-first=\"1\" data-slide-duration=\"0\" data-id=\"35\" data-slide-public-id=\"1\" data-title=\"convocatoria\" data-haslink=\"1\" data-href=\"http:\/\/www.ittehuacan.edu.mx\/posgrado\/wp-content\/uploads\/2024\/08\/CONVOCATORIA-SEGUNDO-SIMPOSIO-11.pdf\" tabindex=\"0\" role=\"button\" data-n2click=\"url\" data-force-pointer=\"\" class=\"n2-ss-slide n2-ow  n2-ss-slide-35\"><div role=\"note\" class=\"n2-ss-slide--focus\">convocatoria<\/div><div class=\"n2-ss-layers-container n2-ss-slide-limiter n2-ow\"><div class=\"n2-ss-layer n2-ow n-uc-ynvQ4SKi8yda\" data-sstype=\"slide\" data-pm=\"default\"><\/div><\/div><\/div><div data-slide-duration=\"0\" data-id=\"33\" data-slide-public-id=\"2\" data-title=\"B1\" class=\"n2-ss-slide n2-ow  n2-ss-slide-33\"><div role=\"note\" class=\"n2-ss-slide--focus\" tabindex=\"-1\">B1<\/div><div class=\"n2-ss-layers-container n2-ss-slide-limiter n2-ow\"><div class=\"n2-ss-layer n2-ow n-uc-i0fR3Q8e9zvd\" data-sstype=\"slide\" data-pm=\"default\"><\/div><\/div><\/div><div data-slide-duration=\"0\" data-id=\"32\" data-slide-public-id=\"3\" data-title=\"B2\" class=\"n2-ss-slide n2-ow  n2-ss-slide-32\"><div role=\"note\" class=\"n2-ss-slide--focus\" tabindex=\"-1\">B2<\/div><div class=\"n2-ss-layers-container n2-ss-slide-limiter n2-ow\"><div class=\"n2-ss-layer n2-ow n-uc-V6KbyteYfFYp\" data-sstype=\"slide\" data-pm=\"default\"><\/div><\/div><\/div><div data-slide-duration=\"0\" data-id=\"31\" data-slide-public-id=\"4\" data-title=\"B3\" class=\"n2-ss-slide n2-ow  n2-ss-slide-31\"><div role=\"note\" class=\"n2-ss-slide--focus\" tabindex=\"-1\">B3<\/div><div class=\"n2-ss-layers-container n2-ss-slide-limiter n2-ow\"><div class=\"n2-ss-layer n2-ow n-uc-4NSG3CbqFnux\" data-sstype=\"slide\" data-pm=\"default\"><\/div><\/div><\/div><div data-slide-duration=\"0\" data-id=\"30\" data-slide-public-id=\"5\" data-title=\"B4\" class=\"n2-ss-slide n2-ow  n2-ss-slide-30\"><div role=\"note\" class=\"n2-ss-slide--focus\" tabindex=\"-1\">B4<\/div><div class=\"n2-ss-layers-container n2-ss-slide-limiter n2-ow\"><div class=\"n2-ss-layer n2-ow n-uc-AwEZB8WsFfnL\" data-sstype=\"slide\" data-pm=\"default\"><\/div><\/div><\/div>                    <\/div>\n\n                                    <\/div>\n            <\/div>\n        <\/div>\n        <div class=\"n2-ss-slider-controls n2-ss-slider-controls-absolute-center-bottom\"><div style=\"--widget-offset:10px;\" class=\"n2-ss-widget n2-ss-control-bullet n2-ow-all n2-ss-control-bullet-horizontal\"><div class=\" nextend-bullet-bar n2-bar-justify-content-center\" role=\"group\" aria-label=\"Choose slide to display.\"><div class=\"n2-bullet n2-style-785355f374be86c332d4665aae819858-dot \" style=\"visibility:hidden;\"><\/div><\/div><\/div><\/div><\/div><\/div><ss3-loader><\/ss3-loader><\/div><\/div><div class=\"n2_clear\"><\/div><\/div>\n\n\n<div style=\"height:50px\" aria-hidden=\"true\" class=\"wp-block-spacer\"><\/div>\n\n\n<div class=\"wp-block-image\">\n<figure class=\"aligncenter size-medium is-resized\"><img loading=\"lazy\" decoding=\"async\" width=\"300\" height=\"127\" src=\"http:\/\/www.ittehuacan.edu.mx\/posgrado\/wp-content\/uploads\/2024\/03\/logo_tecnm-300x127.png\" alt=\"\" class=\"wp-image-382\" style=\"width:408px;height:auto\" srcset=\"http:\/\/www.ittehuacan.edu.mx\/posgrado\/wp-content\/uploads\/2024\/03\/logo_tecnm-300x127.png 300w, http:\/\/www.ittehuacan.edu.mx\/posgrado\/wp-content\/uploads\/2024\/03\/logo_tecnm-1024x434.png 1024w, http:\/\/www.ittehuacan.edu.mx\/posgrado\/wp-content\/uploads\/2024\/03\/logo_tecnm-768x325.png 768w, http:\/\/www.ittehuacan.edu.mx\/posgrado\/wp-content\/uploads\/2024\/03\/logo_tecnm.png 1180w\" sizes=\"auto, (max-width: 300px) 100vw, 300px\" \/><\/figure>\n<\/div>\n\n\n<div style=\"height:50px\" aria-hidden=\"true\" class=\"wp-block-spacer\"><\/div>\n\n\n\n<div class=\"wp-block-columns is-layout-flex wp-container-core-columns-is-layout-9d6595d7 wp-block-columns-is-layout-flex\">\n<div class=\"wp-block-column is-layout-flow wp-block-column-is-layout-flow\" style=\"flex-basis:66.66%\">\n<p class=\"has-text-align-left justificar has-black-color has-text-color has-link-color wp-elements-6c58f43047c958d9823be3764213597f\">En base a las atribuciones conferidas en la fracci\u00f3n II del art\u00edculo 2\u00b0 del Decreto de Creaci\u00f3n del Tecnol\u00f3gico Nacional de M\u00e9xico, publicadas en el Diario Oficial de la Federaci\u00f3n de fecha 23 de julio de 2104, esta instituci\u00f3n tiene por objeto formar profesionales e investigadores aptos para la aplicaci\u00f3n y generaci\u00f3n de conocimientos que le proporcionen las habilidades para la soluci\u00f3n de problemas, con pensamiento cr\u00edtico, sentido \u00e9tico, actitudes emprendedoras, de innovaci\u00f3n y capacidad creativa para la incorporaci\u00f3n de los avances cient\u00edficos y tecnol\u00f3gicos que contribuyan al desarrollo nacional y a los Lineamientos para la Operaci\u00f3n de los Estudios de Posgrado en el Tecnol\u00f3gico Nacional de M\u00e9xico 2018, se ofertan los estudios de posgrado que a continuaci\u00f3n se detallan:<\/p>\n<\/div>\n\n\n\n<div class=\"wp-block-column is-layout-flow wp-block-column-is-layout-flow\" style=\"flex-basis:33.33%\"><div class=\"wp-block-image is-style-default\">\n<figure class=\"aligncenter size-full is-resized\"><img loading=\"lazy\" decoding=\"async\" width=\"167\" height=\"49\" src=\"http:\/\/www.ittehuacan.edu.mx\/posgrado\/wp-content\/uploads\/2024\/03\/NORMATECA.png\" alt=\"\" class=\"wp-image-375\" style=\"width:277px;height:auto\"\/><\/figure>\n<\/div>\n\n\n<div class=\"wp-block-group has-black-color has-text-color has-link-color wp-elements-2e687ed6b89f6b568642e1ab6c324dab is-vertical is-content-justification-stretch is-layout-flex wp-container-core-group-is-layout-b16ad781 wp-block-group-is-layout-flex\">\n<div class=\"wp-block-group is-vertical is-content-justification-stretch is-layout-flex wp-container-core-group-is-layout-b16ad781 wp-block-group-is-layout-flex\">\n<p class=\"has-text-align-center\"><strong>Lineamientos de operaci\u00f3n<\/strong><\/p>\n\n\n\n<p class=\"has-text-align-center\"><a href=\"http:\/\/www.ittehuacan.edu.mx\/posgrado\/wp-content\/uploads\/2024\/03\/LineamientosPosgrado2013.pdf\">Lineamientos 2013<\/a><\/p>\n\n\n\n<p class=\"has-text-align-center\"><a href=\"http:\/\/www.ittehuacan.edu.mx\/posgrado\/wp-content\/uploads\/2024\/03\/LineamientosOperacion_2018.pdf\">Lineamientos 2018<\/a><\/p>\n\n\n\n<p class=\"has-text-align-center\"><a href=\"http:\/\/www.ittehuacan.edu.mx\/posgrado\/wp-content\/uploads\/2024\/03\/FormatoProtocoloDeInv.pdf\"><strong>Protocolo de Investigaci\u00f3n<\/strong> <\/a><\/p>\n\n\n\n<p class=\"has-text-align-center\"><strong><a href=\"http:\/\/www.ittehuacan.edu.mx\/posgrado\/wp-content\/uploads\/2024\/03\/TesisMaestriaFormato.pdf\">Formato de tesis (Maestr\u00eda)<\/a><\/strong><\/p>\n<\/div>\n<\/div>\n<\/div>\n<\/div>\n\n\n\n<h2 class=\"wp-block-heading has-text-align-center has-text-color has-link-color wp-elements-2d0bc2a447f752af3a25a28f56d453ca\" style=\"color:#600505\">Definici\u00f3n y Finalidad<\/h2>\n\n\n\n<p class=\"justificar has-black-color has-text-color has-link-color wp-elements-3e6ddb4f2427ccf01ff91b5be9ca3da0\">Los estudios de posgrado son aquellos que se realizan despu\u00e9s de haber concluido los de licenciatura; en el Tecnol\u00f3gico Nacional de M\u00e9xico se ofrecen los de especializaci\u00f3n, maestr\u00eda y doctorado en diferentes \u00e1reas del conocimiento. A trav\u00e9s de los programas de posgrado se busca realizar una transformaci\u00f3n del estudiante en la forma de abordar, entender, asimilar y resolver problemas t\u00e9cnico-cient\u00edficos en su \u00e1rea de conocimiento, cuidando el entorno social y el medio ambiente en donde se desenvuelve. La finalidad de los estudios de posgrado es contribuir a la formaci\u00f3n de un profesional en una disciplina o \u00e1rea de conocimiento para que sea capaz de adaptar, innovar, generar, emprender proyectos de investigaci\u00f3n y desarrollo cient\u00edfico o de innovaci\u00f3n tecnol\u00f3gica, as\u00ed como para aplicar e innovar el conocimiento cient\u00edfico y t\u00e9cnico, y resolver problemas en su campo de acci\u00f3n o espacio ocupacional, de acuerdo a las demandas regionales, nacionales e internacionales de distintos sectores de la sociedad.<\/p>\n\n\n\n<h2 class=\"wp-block-heading has-text-align-center has-text-color has-link-color wp-elements-9c9256d63dcd08b4996d9841a9b88789\" style=\"color:#600505\">Orientaci\u00f3n de los Estudios de Posgrado<\/h2>\n\n\n\n<p class=\"justificar has-black-color has-text-color has-link-color wp-elements-5bf61026213897deeb4b6070a6a4f54c\">Debido a la demanda de los diferentes sectores, se ofrecen en dos orientaciones: posgrados con orientaci\u00f3n a la investigaci\u00f3n en los niveles de maestr\u00eda y doctorado en las diferentes \u00e1reas del conocimiento y los posgrados con orientaci\u00f3n profesional en los niveles de especializaci\u00f3n y maestr\u00eda; las orientaciones de los programas de posgrado tienen la finalidad de:<\/p>\n\n\n\n<ol class=\"has-black-color has-text-color has-link-color wp-block-list wp-elements-909036bb708f437c09e2d9b7e2ef6db0\">\n<li><strong><em>Orientaci\u00f3n a la investigaci\u00f3n:<\/em><\/strong> &nbsp;Formar investigadores capaces de generar y aplicar el conocimiento original al desarrollar o conducir proyectos de investigaci\u00f3n cient\u00edfico &#8211; tecnol\u00f3gicos, as\u00ed como de formar y dirigir a nuevos investigadores e integrar grupos de investigaci\u00f3n interdisciplinarios.<\/li>\n\n\n\n<li><strong><em><font style=\"vertical-align: inherit;\"><font style=\"vertical-align: inherit;\">Orientaci\u00f3n profesional:<\/font><\/font><\/em><\/strong> &nbsp;Profundizar en el conocimiento de un campo o disciplina, ampliar o especializar enfoques y estrategias tendientes a mejorar el desempe\u00f1o profesional y desarrollar habilidades para la soluci\u00f3n de problemas en el medio ocupacional y satisfacer necesidades del sector productivo de bienes y servicios, estimulando la vinculaci\u00f3n con los sectores de la sociedad.<\/li>\n<\/ol>\n\n\n<div class=\"wp-block-image\">\n<figure class=\"aligncenter size-full\"><img loading=\"lazy\" decoding=\"async\" width=\"337\" height=\"187\" src=\"http:\/\/www.ittehuacan.edu.mx\/posgrado\/wp-content\/uploads\/2024\/03\/LOGOS.png\" alt=\"\" class=\"wp-image-411\" srcset=\"http:\/\/www.ittehuacan.edu.mx\/posgrado\/wp-content\/uploads\/2024\/03\/LOGOS.png 337w, http:\/\/www.ittehuacan.edu.mx\/posgrado\/wp-content\/uploads\/2024\/03\/LOGOS-300x166.png 300w\" sizes=\"auto, (max-width: 337px) 100vw, 337px\" \/><\/figure>\n<\/div>\n\n\n<p class=\"justificar has-black-color has-text-color has-link-color wp-elements-d545a7bdae34c22f91272e1975dc10da\">El Instituto Tecnol\u00f3gico de Tehuac\u00e1n con el objetivo de formar recursos humanos con amplios conocimientos en un \u00e1rea, campo o disciplina, y la finalidad de que conozcan, asimilen y desarrollen nuevos enfoques que le permitan acrecentar sus capacidades y competencias para aplicar el conocimiento cient\u00edfico y tecnol\u00f3gico de manera innovadora y generar ventajas competitivas en su desempe\u00f1o profesional o espacio ocupacional.<\/p>\n\n\n\n<h2 class=\"wp-block-heading has-text-align-center has-text-color has-link-color wp-elements-af0f245e9f90ae6b742d29ff9e0b2633\" style=\"color:#600505\">Estudios de Maestr\u00eda con Orientaci\u00f3n Profesional<\/h2>\n\n\n\n<p class=\"justificar has-black-color has-text-color has-link-color wp-elements-c5e9b89f7b9fbb139005aaf8487e8a11\">Los estudios de Maestr\u00eda con orientaci\u00f3n profesional se enfocan a ampliar los conocimientos en una disciplina, especialidad o campo, con el fin de desarrollar en el estudiante capacidades que le permitan la aplicaci\u00f3n innovadora del conocimiento cient\u00edfico o t\u00e9cnico y habilitar al profesional para aplicar el conocimiento a la soluci\u00f3n de problemas a trav\u00e9s de una estrecha relaci\u00f3n con el sector productivo y de servicios.<\/p>\n\n\n\n<h2 class=\"wp-block-heading has-text-align-center has-text-color has-link-color wp-elements-0921c0ae97165399c7d3b9e7110bb22f\" style=\"color:#600505\">Objetivos<\/h2>\n\n\n\n<p class=\"justificar has-black-color has-text-color has-link-color wp-elements-1d7abf01e559d5b90884cb7eca54d21b\">Los programas de Maestr\u00eda deber\u00e1n mostrar una clara y objetiva pertinencia con demandas y requerimientos locales, regionales y nacionales, de manera que:<\/p>\n\n\n\n<ul class=\"has-black-color has-text-color has-link-color wp-block-list wp-elements-ce1bdef0764050fa292ac1b8bd7886eb\">\n<li>Se favorezca la formaci\u00f3n de recursos humanos calificados.<\/li>\n\n\n\n<li>Se impulsen la innovaci\u00f3n y el desarrollo tecnol\u00f3gicos.<\/li>\n\n\n\n<li>Se promueva y fortalezca la vinculaci\u00f3n con asociaciones, empresas, organismos e instituciones, privados y p\u00fablicos, de la sociedad.<\/li>\n\n\n\n<li>Se participe activamente en la soluci\u00f3n de problemas para contribuir al desarrollo socioecon\u00f3mico del pa\u00eds.<\/li>\n<\/ul>\n\n\n\n<p class=\"justificar has-black-color has-text-color has-link-color wp-elements-2651a41bc107b8af44d9c0f17c87ae6e\">Los programas de Maestr\u00eda con orientaci\u00f3n profesional se vincular\u00e1n con entidades del sector productivo de bienes y servicios, con el fin de proponer, desarrollar e implantar proyectos para la soluci\u00f3n de problemas concretos t\u00e9cnico-econ\u00f3mico-sociales, mediante acuerdos o bases de concertaci\u00f3n.<\/p>\n","protected":false},"excerpt":{"rendered":"<p>En base a las atribuciones conferidas en la fracci\u00f3n II del art\u00edculo 2\u00b0 del Decreto de Creaci\u00f3n del Tecnol\u00f3gico Nacional &hellip; <\/p>\n","protected":false},"author":1,"featured_media":0,"parent":0,"menu_order":1,"comment_status":"closed","ping_status":"closed","template":"template-home.php","meta":{"footnotes":""},"class_list":["post-58","page","type-page","status-publish","hentry"],"_links":{"self":[{"href":"http:\/\/www.ittehuacan.edu.mx\/posgrado\/index.php?rest_route=\/wp\/v2\/pages\/58","targetHints":{"allow":["GET"]}}],"collection":[{"href":"http:\/\/www.ittehuacan.edu.mx\/posgrado\/index.php?rest_route=\/wp\/v2\/pages"}],"about":[{"href":"http:\/\/www.ittehuacan.edu.mx\/posgrado\/index.php?rest_route=\/wp\/v2\/types\/page"}],"author":[{"embeddable":true,"href":"http:\/\/www.ittehuacan.edu.mx\/posgrado\/index.php?rest_route=\/wp\/v2\/users\/1"}],"replies":[{"embeddable":true,"href":"http:\/\/www.ittehuacan.edu.mx\/posgrado\/index.php?rest_route=%2Fwp%2Fv2%2Fcomments&post=58"}],"version-history":[{"count":56,"href":"http:\/\/www.ittehuacan.edu.mx\/posgrado\/index.php?rest_route=\/wp\/v2\/pages\/58\/revisions"}],"predecessor-version":[{"id":820,"href":"http:\/\/www.ittehuacan.edu.mx\/posgrado\/index.php?rest_route=\/wp\/v2\/pages\/58\/revisions\/820"}],"wp:attachment":[{"href":"http:\/\/www.ittehuacan.edu.mx\/posgrado\/index.php?rest_route=%2Fwp%2Fv2%2Fmedia&parent=58"}],"curies":[{"name":"wp","href":"https:\/\/api.w.org\/{rel}","templated":true}]}}